{"id":9961,"date":"2012-03-25T19:21:14","date_gmt":"2012-03-25T19:21:14","guid":{"rendered":"http:\/\/minosegihazak.hu\/?page_id=9961"},"modified":"2026-05-07T17:55:32","modified_gmt":"2026-05-07T15:55:32","slug":"cegunk-profilja","status":"publish","type":"page","link":"https:\/\/minosegihaz.hu\/","title":{"rendered":"C\u00e9g\u00fcnk profilja"},"content":{"rendered":"<hr>\n<p><img loading=\"lazy\" src=\"\/content\/chr3.png\" alt=\"\" width=\"620\" height=\"300\"><\/p>\n<hr>\n<h3 style=\"text-align: center;\">Megrendel\u0151ink otthonait a meg\u00fajult, m\u00e9g magasabb m\u0171szaki tartalm\u00fa kateg\u00f3ri\u00e1inkb\u00f3l kivitelezz\u00fck.<br \/>\n<strong>I.kateg\u00f3ria: brutt\u00f3 630.000 Ft\/brutt\u00f3 m\u00b2<\/strong><br \/>\n(az \u00e1r 5 % \u00e1f\u00e1t tartalmaz)<\/h3>\n<hr>\n<p style=\"text-align: center;\"><strong>MI OTTHONT \u00c9P\u00cdT\u00dcNK, NEM CSAK EGY H\u00c1ZAT!<\/strong><\/p>\n<p style=\"text-align: justify;\">Franciaorsz\u00e1gban szerzett \u00e9p\u00edt\u0151ipari kivitelez\u0151i tapasztalataival C\u00e9g\u00fcnk 2007-t\u0151l \u00e9p\u00edt energiahat\u00e9kony csal\u00e1di h\u00e1zakat Magyarorsz\u00e1gon. A magas min\u0151s\u00e9g\u0171 \u00e9s m\u0171szaki sz\u00ednvonal\u00fa lak\u00f3h\u00e1zak megalkot\u00e1sa mellett garanciav\u00e1llal\u00e1ssal biztos\u00edtja a megrendel\u0151k el\u00e9gedetts\u00e9g\u00e9t!<\/p>\n<p style=\"text-align: center;\">\n<p style=\"text-align: justify;\">Nem kell felborulnia a megszokott \u00e9let\u00e9nek ahhoz, hogy \u00faj otthonba k\u00f6lt\u00f6zz\u00f6n! B\u00edzza meg c\u00e9g\u00fcnket otthona kivitelez\u00e9s\u00e9vel ahogy az eddigi<strong> t\u00f6bb, mint 360 el\u00e9gedett \u00fcgyfel\u00fcnk <\/strong> is tette. Ne az \u00e9p\u00edtkez\u00e9ssel j\u00e1r\u00f3 dolgokkal t\u00f6ltse idej\u00e9t, hanem csal\u00e1dj\u00e1val, szeretteivel.<\/p>\n<p style=\"text-align: center;\"><strong>&#8220;MINDENKI AZZAL T\u00d6LTSE AZ IDEJ\u00c9T, AMIHEZ \u00c9RT! MI EHHEZ \u00c9RT\u00dcNK.&#8221;<\/strong><\/p>\n<p style=\"text-align: center;\"><strong>C\u00e9g\u00fcnk a teljes k\u00f6r\u0171 szolg\u00e1ltat\u00e1ssal t\u0171nik ki az \u00e9p\u00edt\u0151iparban szerepl\u0151 versenyt\u00e1rsak k\u00f6z\u00fcl.<\/strong><\/p>\n<p style=\"text-align: justify;\">I. Exkluz\u00edv irod\u00e1nkba v\u00e1rjuk \u00fcgyfeleinket a t\u00e1rgyal\u00e1sok lebonyol\u00edt\u00e1s\u00e1ra<br \/>\nII. Telekv\u00e1s\u00e1rl\u00e1shoz ingatlanirod\u00e1nk ny\u00fajt teljes k\u00f6r\u0171 seg\u00edts\u00e9get<br \/>\nIII. Otthon\u00e1nak megtervez\u00e9s\u00e9hez Tervez\u0151nk \u00e1ll rendelkez\u00e9s\u00fckre<br \/>\nIV. Kivitelez\u00e9seket egy \u00f6sszeszokott, magas min\u0151s\u00e9gi munk\u00e1t v\u00e9gz\u0151 csapat hajtja v\u00e9gre<br \/>\nV. A k\u00fclf\u00f6ld\u00f6n m\u00e1r megszokott min\u0151s\u00e9gi szolg\u00e1ltat\u00e1st ny\u00fajtja n\u00e9gyf\u0151s vezet\u0151 g\u00e1rd\u00e1nk<\/p>\n<p>Sokan vannak, akik \u00faj otthont keresnek csal\u00e1djuk r\u00e9sz\u00e9re. El\u0151sz\u00f6r k\u00e9sz h\u00e1zakkal kezd\u0151dik a keres\u00e9s, de p\u00e1r h\u00f3nap sikertelen h\u00e1zn\u00e9z\u00e9s ut\u00e1n, felmer\u00fcl a k\u00e9rd\u00e9s, tal\u00e1n \u00e9p\u00edtkezni kellene. \u00c1m sokan f\u00e9lnek: rossz tapasztalat, macer\u00e1s, id\u0151ig\u00e9nyes, b\u00fcrokratikus \u00fcgyint\u00e9z\u00e9s,\u2026. A k\u00e9sz h\u00e1z \u00e1r\u00e1n m\u00e1r tud a saj\u00e1t ig\u00e9nyeinek megfelel\u0151 h\u00e1zat \u00e9p\u00edttetni.<br \/>\n\u00c9s a k\u00e9rd\u00e9s: Hol tal\u00e1lok ehhez egy megb\u00edzhat\u00f3 kivitelez\u0151t?<\/p>\n<p>C\u00e9g\u00fcnk nem szavakkal, tettekkel gy\u0151zi meg leend\u0151 \u00fcgyfeleit, hogy az \u00e9p\u00edtkez\u00e9s Vel\u00fcnk m\u00e1r m\u00e1s dimenzi\u00f3ban t\u00f6rt\u00e9nik. Az \u00e9vek alatt sok el\u00e9gedett \u00fcgyf\u00e9l aj\u00e1nlotta \u00e9s aj\u00e1nlja ismer\u0151seinek a c\u00e9get, mivel el\u00e9gedettek \u00e9s j\u00f3k a tapasztalataik.<\/p>\n<p>A mai gazdas\u00e1gi helyzetben mindenki j\u00f3l meggondolja, hogy a milyen ingatlanba fektesse p\u00e9nz\u00e9t?<\/p>\n<p>A legjobb befektet\u00e9s egy korszer\u0171 anyagokb\u00f3l, magas sz\u00ednvonal\u00fa m\u0171szaki tartalommal, kiv\u00e1l\u00f3 min\u0151s\u00e9gben meg\u00e9p\u00edtett h\u00e1z. Egy \u00edgy meg\u00e9p\u00edtett h\u00e1z nemcsak a gazdas\u00e1gos fenntart\u00e1st, de az \u00e9rt\u00e9k\u00e1ll\u00f3s\u00e1g\u00e1val is biztons\u00e1got ny\u00fajt tulajdonos\u00e1nak.<\/p>\n<p>Amennyiben \u00fagy d\u00f6nt, hogy C\u00e9g\u00fcnket v\u00e1lasztja \u00e9s egy energia hat\u00e9kony csal\u00e1di h\u00e1z mellett d\u00f6nt meg\u00e9ri, hiszen saj\u00e1t ig\u00e9nyeinek megfelel\u0151en alak\u00edthatja ki \u00faj otthon\u00e1t min\u0151s\u00e9gi sz\u00ednvonalon.<\/p>\n<hr>\n<p><img class=\"aligncenter\" src=\"\/content\/falazas.png\" alt=\"\"><\/p>\n<hr>\n<p><strong>Hogy mi\u00e9rt b\u00edzza C\u00e9g\u00fcnkre az \u00faj Otthon\u00e1nak meg\u00e9p\u00edt\u00e9s\u00e9t:<\/strong><\/p>\n<p>\u2022 \u00c1RGARANCIA<br \/>\n\u2022 EL\u0150FINANSZ\u00cdROZ\u00c1S<br \/>\n\u2022 Energiahat\u00e9kony technol\u00f3gi\u00e1k alkalmaz\u00e1sa<br \/>\n\u2022 Teljes k\u00f6r\u0171 szolg\u00e1ltat\u00e1st k\u00edn\u00e1lunk (tervez\u00e9s, kivitelez\u00e9s, \u00fcgyint\u00e9z\u00e9s, m\u0171szaki ellen\u0151rz\u00e9s)<br \/>\n\u2022 Magasan szakk\u00e9pzett csapatok (k\u0151m\u0171ves, \u00e1cs, fest\u0151, burkol\u00f3, villanyszerel\u0151)<br \/>\n\u2022 Az \u00e9p\u00edtkez\u00e9s alatt folyamatos f\u00e9nyk\u00e9pes dokument\u00e1ci\u00f3 (\u00e1tad\u00e1skor a t\u00f6bb mint 1000 k\u00e9pet tartalmaz\u00f3 CD)<br \/>\n\u2022 Energiatan\u00fas\u00edtv\u00e1ny a meg\u00e9p\u00fclt h\u00e1zr\u00f3l<br \/>\n\u2022 Hitel\u00fcgyint\u00e9z\u00e9s egyablakos rendszerrel<br \/>\n\u2022 MEGB\u00cdZHAT\u00d3 MUNKAT\u00c1RSAK, CSAL\u00c1DIAS L\u00c9GK\u00d6R,<br \/>\n\u2022 Nagyon el\u00e9gedett \u00fcgyfelek<br \/>\n\u2022 t\u00f6bb mint 160 \u00faj meg\u00e9p\u00edtett csal\u00e1di h\u00e1z<\/p>\n<hr>\n<p><a name=\"ar\"><\/a><\/p>\n<p style=\"text-align: justify;\">A szerz\u0151d\u00e9sben r\u00f6gz\u00edtett \u00e1rak, csak abban az esetben m\u00f3dosulnak, ha a megrendel\u0151 az ig\u00e9nyeit v\u00e1ltoztatja. A c\u00e9g soha nem emel \u00e1rat, nem ny\u00fajt be ut\u00f3lagosan elsz\u00e1moland\u00f3 sz\u00e1ml\u00e1kat. Fix \u00e1r \u2013 fix kivitelez\u00e9s.<\/p>\n<hr>\n<p><a name=\"elo\"><\/a><\/p>\n<p style=\"text-align: justify;\">A C\u00e9g \u00e1ltal elv\u00e9gzett munk\u00e1t a meg\u00e1llapod\u00e1s szerinti p\u00e9nz\u00fcgyi \u00fctemez\u00e9si terv alapj\u00e1n ut\u00f3lag fizeti ki a megrendel\u0151, soha nem el\u0151re.<\/p>\n<hr>\n<p><img loading=\"lazy\" class=\"aligncenter\" src=\"\/content\/tegla.jpg\" alt=\"\" width=\"161\" height=\"164\"><\/p>\n<p style=\"text-align: justify;\">Kivitelez\u00e9s\u00fcnk l\u00e9nyege, a magas h\u0151szigetel\u00e9s\u0171 \u00e9s kiv\u00e1l\u00f3an szell\u0151z\u0151 Porotherm Profi 44K t\u00e9gl\u00e1n alapszik, amit szinte egyed\u00fcl alkalmazunk. Szakembereink prec\u00edz g\u00e9p\u00e9szettel biztos\u00edtj\u00e1k az energiatakar\u00e9kos h\u00e1zak kivitelez\u00e9s\u00e9t.<\/p>\n<hr>\n<p style=\"text-align: center;\"><strong>Mesterh\u00e1z Min\u0151s\u00edt\u00e9s<\/strong><\/p>\n<p style=\"text-align: justify;\">A Wienerberger T\u00e9glaipari zRt. a mesterh\u00e1z min\u0151s\u00edt\u00e9ssel igazolja, hogy az \u00d6n otthona \u00e9p\u00edt\u00e9se sor\u00e1n a szerkezeti elemek Porotherm \u00c9p\u00edt\u00e9si Rendszer elemeib\u0151l, a szabv\u00e1nyoknak \u00e9s az alkalmaz\u00e1stechnikai el\u0151\u00edr\u00e1soknak megfelel\u0151en, szakszer\u0171en \u00e9p\u00fcltek \u00e9s ezt a c\u00e9g szakemberei az \u00e9p\u00edtkez\u00e9s sor\u00e1n ellen\u0151rizt\u00e9k.<\/p>\n<p><img class=\"aligncenter\" src=\"\/content\/metsrh.jpg\" alt=\"\"><br \/>\nHossz\u00fa t\u00e1von m\u00e9g k\u00f6lts\u00e9ghat\u00e9konyabb, ha mindez meg\u00fajul\u00f3 energiaforr\u00e1sok haszn\u00e1lat\u00e1val p\u00e1rosul. Az energia hat\u00e9kony t\u00e9glah\u00e1zak megval\u00f3s\u00edtj\u00e1k az optim\u00e1lis energiafelhaszn\u00e1l\u00e1s, a k\u00f6rnyezetk\u00edm\u00e9l\u0151 szeml\u00e9let, az \u00e9p\u00edt\u00e9s \u00e9s fenntart\u00e1s sor\u00e1n is l\u00e9nyeges gazdas\u00e1goss\u00e1gi szempontok \u00e9s az eg\u00e9szs\u00e9ges lak\u00f3kl\u00edma \u00f6sszhangj\u00e1t.<\/p>\n<hr>\n<p>Ha \u00e9p\u00edtkezik, \u00e1tgondolta \u00e9s az energiatakar\u00e9kos h\u00e1z mellett d\u00f6nt\u00f6tt, j\u00f3l tette. C\u00e9g\u00fcnk m\u00e1r kor\u00e1bbi munk\u00e1ival kialak\u00edtotta azt a beszerz\u00e9si \u00e9s megval\u00f3s\u00edt\u00e1si technik\u00e1t, hogy p\u00e9nz\u00fcgyileg is kifizet\u0151d\u0151bb energiatakar\u00e9kos h\u00e1zat \u00e9p\u00edtenie, mint szokv\u00e1nyost.<br \/>\nSzakembereink prec\u00edz g\u00e9p\u00e9szettel \u00e9s sok \u00e9v tapasztalat\u00e1val biztos\u00edtj\u00e1k az energia hat\u00e9kony h\u00e1zak kivitelez\u00e9s\u00e9t.<br \/>\nV\u00e1llaljuk az \u00e9p\u00edtkez\u00e9ssel j\u00e1r\u00f3 teljes k\u00f6r\u0171 \u00fcgyint\u00e9z\u00e9s\u00e9t az enged\u00e9lyeztet\u00e9st\u0151l a lakhat\u00e1si enged\u00e9lyig, a hitel\u00fcgyint\u00e9z\u00e9sen \u00e1t.<br \/>\nH\u00edvja Krastenics Ervin \u00fcgyvezet\u0151t (+36-70 386-69-66), aki egy szem\u00e9lyes tal\u00e1lkoz\u00f3 alkalm\u00e1val k\u00e9szs\u00e9gesen \u00e1ll rendelkez\u00e9s\u00e9re.<br \/>\nRem\u00e9lj\u00fck \u00d6nt is el\u00e9gedett \u00fcgyfeleink t\u00e1bor\u00e1ban k\u00f6sz\u00f6nthetj\u00fck!<br \/>\n<a href=\"https:\/\/minosegihaz.hu\/?page_id=921\"><img class=\"aligncenter\" src=\"\/content\/ugyfelbsz.png\" alt=\"\"><\/a><\/p>\n<hr>\n<h2 style=\"text-align: center;\"><span class=\"center\">M\u0171szaki le\u00edr\u00e1sok:<\/span><\/h2>\n<p style=\"text-align: center;\"><a href=\"\/dox\/epitesi.pdf\">\u00c9p\u00fcletszerkezet \u00e9p\u00edt\u00e9si m\u0171szaki le\u00edr\u00e1s let\u00f6lt\u00e9s\u00e9hez kattintson ide!<\/a><\/p>\n<p style=\"text-align: center;\"><a href=\"\/dox\/futes.pdf\">V\u00edz-g\u00e1z-f\u0171t\u00e9s szerel\u00e9s m\u0171szaki le\u00edr\u00e1s let\u00f6lt\u00e9s\u00e9hez kattintson ide!<\/a><\/p>\n<p style=\"text-align: center;\"><a href=\"\/dox\/villany.pdf\">Villanyszerel\u00e9s m\u0171szaki le\u00edr\u00e1s let\u00f6lt\u00e9s\u00e9hez kattintson ide!<\/a><\/p>\n<p style=\"text-align: center;\"><a href=\"\/dox\/tetoszerkezet.pdf\">Tet\u0151szerkezet \u00e9p\u00edt\u00e9s m\u0171szaki le\u00edr\u00e1s let\u00f6lt\u00e9s\u00e9hez kattintson ide!<\/a><\/p>\n<p style=\"text-align: center;\"><a href=\"\/dox\/festes.pdf\">Fest\u00e9s m\u0171szaki le\u00edr\u00e1s let\u00f6lt\u00e9s\u00e9hez kattintson ide!<\/a><\/p>\n<p style=\"text-align: center;\"><a href=\"\/dox\/burkolatok.pdf\">Burkolatok m\u0171szaki le\u00edr\u00e1s\u00e1nak let\u00f6lt\u00e9s\u00e9hez kattintson ide!<\/a><\/p>\n<hr>\n<h3 style=\"text-align: center;\">Telekt\u0151l a kulcsrak\u00e9sz kivitelez\u00e9sig, bele\u00e9rtve a tervez\u00e9st is, megb\u00edzhat\u00f3 partnere lesz az Expert Kivitelez\u00e9s Kft.!<\/h3>\n<h3 style=\"text-align: center;\">&#8220;J\u00f3 \u00e9s min\u0151s\u00e9gi h\u00e1zat \u00e9p\u00edteni nem neh\u00e9z, csak kellenek hozz\u00e1 min\u0151s\u00e9gi anyagok \u00e9s j\u00f3 szakemberek!&#8221;<\/h3>\n","protected":false},"excerpt":{"rendered":"<p>Megrendel\u0151ink otthonait a meg\u00fajult, m\u00e9g magasabb m\u0171szaki tartalm\u00fa kateg\u00f3ri\u00e1inkb\u00f3l kivitelezz\u00fck. I.kateg\u00f3ria: brutt\u00f3 630.000 Ft\/brutt\u00f3 m\u00b2 (az \u00e1r 5 % \u00e1f\u00e1t tartalmaz) MI OTTHONT \u00c9P\u00cdT\u00dcNK, NEM CSAK EGY H\u00c1ZAT! Franciaorsz\u00e1gban szerzett \u00e9p\u00edt\u0151ipari kivitelez\u0151i tapasztalataival C\u00e9g\u00fcnk 2007-t\u0151l \u00e9p\u00edt energiahat\u00e9kony csal\u00e1di h\u00e1zakat Magyarorsz\u00e1gon. A magas min\u0151s\u00e9g\u0171 \u00e9s m\u0171szaki sz\u00ednvonal\u00fa lak\u00f3h\u00e1zak megalkot\u00e1sa mellett garanciav\u00e1llal\u00e1ssal \u2026 <a class=\"continue-reading-link\" href=\"https:\/\/minosegihaz.hu\/\"> Continue reading <span class=\"meta-nav\">&rarr; <\/span><\/a><\/p>\n","protected":false},"author":1,"featured_media":0,"parent":221,"menu_order":0,"comment_status":"open","ping_status":"open","template":"","meta":[],"yoast_head":"<!-- This site is optimized with the Yoast SEO plugin v15.3 - https:\/\/yoast.com\/wordpress\/plugins\/seo\/ -->\n<title>C\u00e9g\u00fcnk profilja -<\/title>\n<meta name=\"description\" content=\"kivitelez\u00e9s, energiahat\u00e9kony, csal\u00e1di h\u00e1z, min\u0151s\u00e9gi, \u00e9p\u00edt\u00e9s, expert\" \/>\n<meta name=\"robots\" content=\"index, follow, max-snippet:-1, max-image-preview:large, max-video-preview:-1\" \/>\n<link rel=\"canonical\" href=\"https:\/\/minosegihaz.hu\/\" \/>\n<meta property=\"og:locale\" content=\"hu_HU\" \/>\n<meta property=\"og:type\" content=\"article\" \/>\n<meta property=\"og:title\" content=\"C\u00e9g\u00fcnk profilja -\" \/>\n<meta property=\"og:description\" content=\"kivitelez\u00e9s, energiahat\u00e9kony, csal\u00e1di h\u00e1z, min\u0151s\u00e9gi, \u00e9p\u00edt\u00e9s, expert\" \/>\n<meta property=\"og:url\" content=\"https:\/\/minosegihaz.hu\/\" \/>\n<meta property=\"article:modified_time\" content=\"2026-05-07T15:55:32+00:00\" \/>\n<meta property=\"og:image\" content=\"https:\/\/minosegihaz.hu\/content\/chr3.png\" \/>\n<meta name=\"twitter:label1\" content=\"Szerz\u0151:\">\n\t<meta name=\"twitter:data1\" content=\"chriser\">\n\t<meta name=\"twitter:label2\" content=\"Becs\u00fclt olvas\u00e1si id\u0151\">\n\t<meta name=\"twitter:data2\" content=\"5 perc\">\n<script type=\"application\/ld+json\" class=\"yoast-schema-graph\">{\"@context\":\"https:\/\/schema.org\",\"@graph\":[{\"@type\":\"WebSite\",\"@id\":\"https:\/\/minosegihaz.hu\/#website\",\"url\":\"https:\/\/minosegihaz.hu\/\",\"name\":\"\",\"description\":\"Energiahat\\u00e9kony csal\\u00e1di h\\u00e1zak \\u00e9p\\u00edt\\u00e9se, kivitelez\\u00e9se\",\"potentialAction\":[{\"@type\":\"SearchAction\",\"target\":\"https:\/\/minosegihaz.hu\/?s={search_term_string}\",\"query-input\":\"required name=search_term_string\"}],\"inLanguage\":\"hu\"},{\"@type\":\"ImageObject\",\"@id\":\"https:\/\/minosegihaz.hu\/#primaryimage\",\"inLanguage\":\"hu\",\"url\":\"\/content\/chr3.png\"},{\"@type\":\"WebPage\",\"@id\":\"https:\/\/minosegihaz.hu\/#webpage\",\"url\":\"https:\/\/minosegihaz.hu\/\",\"name\":\"C\\u00e9g\\u00fcnk profilja -\",\"isPartOf\":{\"@id\":\"https:\/\/minosegihaz.hu\/#website\"},\"primaryImageOfPage\":{\"@id\":\"https:\/\/minosegihaz.hu\/#primaryimage\"},\"datePublished\":\"2012-03-25T19:21:14+00:00\",\"dateModified\":\"2026-05-07T15:55:32+00:00\",\"description\":\"kivitelez\\u00e9s, energiahat\\u00e9kony, csal\\u00e1di h\\u00e1z, min\\u0151s\\u00e9gi, \\u00e9p\\u00edt\\u00e9s, expert\",\"inLanguage\":\"hu\",\"potentialAction\":[{\"@type\":\"ReadAction\",\"target\":[\"https:\/\/minosegihaz.hu\/\"]}]}]}<\/script>\n<!-- \/ Yoast SEO plugin. -->","_links":{"self":[{"href":"https:\/\/minosegihaz.hu\/index.php?rest_route=\/wp\/v2\/pages\/9961"}],"collection":[{"href":"https:\/\/minosegihaz.hu\/index.php?rest_route=\/wp\/v2\/pages"}],"about":[{"href":"https:\/\/minosegihaz.hu\/index.php?rest_route=\/wp\/v2\/types\/page"}],"author":[{"embeddable":true,"href":"https:\/\/minosegihaz.hu\/index.php?rest_route=\/wp\/v2\/users\/1"}],"replies":[{"embeddable":true,"href":"https:\/\/minosegihaz.hu\/index.php?rest_route=%2Fwp%2Fv2%2Fcomments&post=9961"}],"version-history":[{"count":88,"href":"https:\/\/minosegihaz.hu\/index.php?rest_route=\/wp\/v2\/pages\/9961\/revisions"}],"predecessor-version":[{"id":13930,"href":"https:\/\/minosegihaz.hu\/index.php?rest_route=\/wp\/v2\/pages\/9961\/revisions\/13930"}],"up":[{"embeddable":true,"href":"https:\/\/minosegihaz.hu\/index.php?rest_route=\/wp\/v2\/pages\/221"}],"wp:attachment":[{"href":"https:\/\/minosegihaz.hu\/index.php?rest_route=%2Fwp%2Fv2%2Fmedia&parent=9961"}],"curies":[{"name":"wp","href":"https:\/\/api.w.org\/{rel}","templated":true}]}}