{"id":8481,"date":"2012-03-20T17:59:31","date_gmt":"2012-03-20T17:59:31","guid":{"rendered":"http:\/\/minosegihazak.hu\/?page_id=8481"},"modified":"2020-05-12T18:54:52","modified_gmt":"2020-05-12T16:54:52","slug":"ceginformaciok","status":"publish","type":"page","link":"https:\/\/minosegihaz.hu\/?page_id=8481","title":{"rendered":"C\u00e9ginform\u00e1ci\u00f3k"},"content":{"rendered":"<hr \/>\n<h3><strong>Expert Kivitelez\u00e9s Korl\u00e1tolt Felel\u0151ss\u00e9g\u0171 T\u00e1rsas\u00e1g<\/strong><br \/>\n<strong><\/strong><\/h3>\n<h3><strong>A c\u00e9g sz\u00e9khelye:<\/strong> 2112 Veresegyh\u00e1z, F\u0151 \u00fat 69.<br \/>\n<strong>A c\u00e9g tev\u00e9kenys\u00e9ge:<\/strong> Saj\u00e1t tulajdon\u00fa ingatlan ad\u00e1sv\u00e9tele<br \/>\n<strong>A c\u00e9g ad\u00f3sz\u00e1ma<\/strong>: 24919988-2-13<br \/>\n<strong>A c\u00e9g k\u00f6z\u00f6ss\u00e9gi ad\u00f3sz\u00e1ma:<\/strong> HU24919988<\/h3>\n<hr \/>\n","protected":false},"excerpt":{"rendered":"<p>Expert Kivitelez\u00e9s Korl\u00e1tolt Felel\u0151ss\u00e9g\u0171 T\u00e1rsas\u00e1g A c\u00e9g sz\u00e9khelye: 2112 Veresegyh\u00e1z, F\u0151 \u00fat 69. A c\u00e9g tev\u00e9kenys\u00e9ge: Saj\u00e1t tulajdon\u00fa ingatlan ad\u00e1sv\u00e9tele A c\u00e9g ad\u00f3sz\u00e1ma: 24919988-2-13 A c\u00e9g k\u00f6z\u00f6ss\u00e9gi ad\u00f3sz\u00e1ma: HU24919988<\/p>\n","protected":false},"author":1,"featured_media":0,"parent":221,"menu_order":0,"comment_status":"open","ping_status":"open","template":"","meta":[],"yoast_head":"<!-- This site is optimized with the Yoast SEO plugin v15.3 - https:\/\/yoast.com\/wordpress\/plugins\/seo\/ -->\n<title>C\u00e9ginform\u00e1ci\u00f3k -<\/title>\n<meta name=\"description\" content=\"kivitelez\u00e9s, energiahat\u00e9kony, csal\u00e1di h\u00e1z, min\u0151s\u00e9gi, \u00e9p\u00edt\u00e9s, expert\" \/>\n<meta name=\"robots\" content=\"index, follow, max-snippet:-1, max-image-preview:large, max-video-preview:-1\" \/>\n<link rel=\"canonical\" href=\"https:\/\/minosegihaz.hu\/?page_id=8481\" \/>\n<meta property=\"og:locale\" content=\"hu_HU\" \/>\n<meta property=\"og:type\" content=\"article\" \/>\n<meta property=\"og:title\" content=\"C\u00e9ginform\u00e1ci\u00f3k -\" \/>\n<meta property=\"og:description\" content=\"kivitelez\u00e9s, energiahat\u00e9kony, csal\u00e1di h\u00e1z, min\u0151s\u00e9gi, \u00e9p\u00edt\u00e9s, expert\" \/>\n<meta property=\"og:url\" content=\"https:\/\/minosegihaz.hu\/?page_id=8481\" \/>\n<meta property=\"article:modified_time\" content=\"2020-05-12T16:54:52+00:00\" \/>\n<meta name=\"twitter:label1\" content=\"Szerz\u0151:\">\n\t<meta name=\"twitter:data1\" content=\"chriser\">\n\t<meta name=\"twitter:label2\" content=\"Becs\u00fclt olvas\u00e1si id\u0151\">\n\t<meta name=\"twitter:data2\" content=\"0 perc\">\n<script type=\"application\/ld+json\" class=\"yoast-schema-graph\">{\"@context\":\"https:\/\/schema.org\",\"@graph\":[{\"@type\":\"WebSite\",\"@id\":\"https:\/\/minosegihaz.hu\/#website\",\"url\":\"https:\/\/minosegihaz.hu\/\",\"name\":\"\",\"description\":\"Energiahat\\u00e9kony csal\\u00e1di h\\u00e1zak \\u00e9p\\u00edt\\u00e9se, kivitelez\\u00e9se\",\"potentialAction\":[{\"@type\":\"SearchAction\",\"target\":\"https:\/\/minosegihaz.hu\/?s={search_term_string}\",\"query-input\":\"required name=search_term_string\"}],\"inLanguage\":\"hu\"},{\"@type\":\"WebPage\",\"@id\":\"https:\/\/minosegihaz.hu\/?page_id=8481#webpage\",\"url\":\"https:\/\/minosegihaz.hu\/?page_id=8481\",\"name\":\"C\\u00e9ginform\\u00e1ci\\u00f3k -\",\"isPartOf\":{\"@id\":\"https:\/\/minosegihaz.hu\/#website\"},\"datePublished\":\"2012-03-20T17:59:31+00:00\",\"dateModified\":\"2020-05-12T16:54:52+00:00\",\"description\":\"kivitelez\\u00e9s, energiahat\\u00e9kony, csal\\u00e1di h\\u00e1z, min\\u0151s\\u00e9gi, \\u00e9p\\u00edt\\u00e9s, expert\",\"inLanguage\":\"hu\",\"potentialAction\":[{\"@type\":\"ReadAction\",\"target\":[\"https:\/\/minosegihaz.hu\/?page_id=8481\"]}]}]}<\/script>\n<!-- \/ Yoast SEO plugin. -->","_links":{"self":[{"href":"https:\/\/minosegihaz.hu\/index.php?rest_route=\/wp\/v2\/pages\/8481"}],"collection":[{"href":"https:\/\/minosegihaz.hu\/index.php?rest_route=\/wp\/v2\/pages"}],"about":[{"href":"https:\/\/minosegihaz.hu\/index.php?rest_route=\/wp\/v2\/types\/page"}],"author":[{"embeddable":true,"href":"https:\/\/minosegihaz.hu\/index.php?rest_route=\/wp\/v2\/users\/1"}],"replies":[{"embeddable":true,"href":"https:\/\/minosegihaz.hu\/index.php?rest_route=%2Fwp%2Fv2%2Fcomments&post=8481"}],"version-history":[{"count":11,"href":"https:\/\/minosegihaz.hu\/index.php?rest_route=\/wp\/v2\/pages\/8481\/revisions"}],"predecessor-version":[{"id":13410,"href":"https:\/\/minosegihaz.hu\/index.php?rest_route=\/wp\/v2\/pages\/8481\/revisions\/13410"}],"up":[{"embeddable":true,"href":"https:\/\/minosegihaz.hu\/index.php?rest_route=\/wp\/v2\/pages\/221"}],"wp:attachment":[{"href":"https:\/\/minosegihaz.hu\/index.php?rest_route=%2Fwp%2Fv2%2Fmedia&parent=8481"}],"curies":[{"name":"wp","href":"https:\/\/api.w.org\/{rel}","templated":true}]}}