{"id":6961,"date":"2012-03-18T12:42:52","date_gmt":"2012-03-18T12:42:52","guid":{"rendered":"http:\/\/minosegihazak.hu\/?page_id=6961"},"modified":"2020-12-06T18:16:52","modified_gmt":"2020-12-06T16:16:52","slug":"letoltheto-dokumentumok","status":"publish","type":"page","link":"https:\/\/minosegihaz.hu\/?page_id=6961","title":{"rendered":"M\u0171szaki tartalom \u00e9s le\u00edr\u00e1sok"},"content":{"rendered":"<hr>\n<h3 style=\"text-align: center;\">M\u0171szaki le\u00edr\u00e1sok:<\/h3>\n<p style=\"text-align: center;\">\n<a href=\"\/dox\/epitesi.pdf\">\u00c9p\u00fcletszerkezet \u00e9p\u00edt\u00e9si m\u0171szaki le\u00edr\u00e1s let\u00f6lt\u00e9s\u00e9hez kattintson ide!<\/a><br \/>\n<a href=\"\/dox\/futes.pdf\">V\u00edz-g\u00e1z-f\u0171t\u00e9s szerel\u00e9s m\u0171szaki le\u00edr\u00e1s let\u00f6lt\u00e9s\u00e9hez kattintson ide!<\/a><br \/>\n<a href=\"\/dox\/villany.pdf\">Villanyszerel\u00e9s m\u0171szaki le\u00edr\u00e1s let\u00f6lt\u00e9s\u00e9hez kattintson ide!<\/a><br \/>\n<a href=\"\/dox\/tetoszerkezet.pdf\">Tet\u0151szerkezet \u00e9p\u00edt\u00e9s m\u0171szaki le\u00edr\u00e1s let\u00f6lt\u00e9s\u00e9hez kattintson ide!<\/a><br \/>\n<a href=\"\/dox\/festes.pdf\">Fest\u00e9s, burkol\u00e1si munk\u00e1k m\u0171szaki le\u00edr\u00e1s let\u00f6lt\u00e9s\u00e9hez kattintson ide!<\/a><br \/>\n<a href=\"\/dox\/burkolatok.pdf\">Burkolatok m\u0171szaki le\u00edr\u00e1s\u00e1nak let\u00f6lt\u00e9s\u00e9hez kattintson ide!<\/a><\/p>\n<hr>\n<p style=\"text-align: center;\">\n<a href=\"dox\/minta.pdf\" target=\"_blank\" rel=\"noopener noreferrer\">Kivitelez\u00e9si szerz\u0151d\u00e9s (minta) let\u00f6lt\u00e9s\u00e9hez kattintson ide!<\/a><br \/>\n<a href=\"dox\/utemterv.pdf\" target=\"_blank\" rel=\"noopener noreferrer\">Fizet\u00e9si \u00fctemterv (minta) let\u00f6lt\u00e9s\u00e9hez kattintson ide!<\/a><\/p>\n","protected":false},"excerpt":{"rendered":"<p>M\u0171szaki le\u00edr\u00e1sok: \u00c9p\u00fcletszerkezet \u00e9p\u00edt\u00e9si m\u0171szaki le\u00edr\u00e1s let\u00f6lt\u00e9s\u00e9hez kattintson ide! V\u00edz-g\u00e1z-f\u0171t\u00e9s szerel\u00e9s m\u0171szaki le\u00edr\u00e1s let\u00f6lt\u00e9s\u00e9hez kattintson ide! Villanyszerel\u00e9s m\u0171szaki le\u00edr\u00e1s let\u00f6lt\u00e9s\u00e9hez kattintson ide! Tet\u0151szerkezet \u00e9p\u00edt\u00e9s m\u0171szaki le\u00edr\u00e1s let\u00f6lt\u00e9s\u00e9hez kattintson ide! Fest\u00e9s, burkol\u00e1si munk\u00e1k m\u0171szaki le\u00edr\u00e1s let\u00f6lt\u00e9s\u00e9hez kattintson ide! Burkolatok m\u0171szaki le\u00edr\u00e1s\u00e1nak let\u00f6lt\u00e9s\u00e9hez kattintson ide! Kivitelez\u00e9si szerz\u0151d\u00e9s (minta) let\u00f6lt\u00e9s\u00e9hez kattintson ide! Fizet\u00e9si \u2026 <a class=\"continue-reading-link\" href=\"https:\/\/minosegihaz.hu\/?page_id=6961\"> Continue reading <span class=\"meta-nav\">&rarr; <\/span><\/a><\/p>\n","protected":false},"author":1,"featured_media":0,"parent":1241,"menu_order":0,"comment_status":"open","ping_status":"open","template":"","meta":[],"yoast_head":"<!-- This site is optimized with the Yoast SEO plugin v15.3 - https:\/\/yoast.com\/wordpress\/plugins\/seo\/ -->\n<title>M\u0171szaki tartalom \u00e9s le\u00edr\u00e1sok -<\/title>\n<meta name=\"description\" content=\"kivitelez\u00e9s, energiahat\u00e9kony, csal\u00e1di h\u00e1z, min\u0151s\u00e9gi, \u00e9p\u00edt\u00e9s, expert\" \/>\n<meta name=\"robots\" content=\"index, follow, max-snippet:-1, max-image-preview:large, max-video-preview:-1\" \/>\n<link rel=\"canonical\" href=\"https:\/\/minosegihaz.hu\/?page_id=6961\" \/>\n<meta property=\"og:locale\" content=\"hu_HU\" \/>\n<meta property=\"og:type\" content=\"article\" \/>\n<meta property=\"og:title\" content=\"M\u0171szaki tartalom \u00e9s le\u00edr\u00e1sok -\" \/>\n<meta property=\"og:description\" content=\"kivitelez\u00e9s, energiahat\u00e9kony, csal\u00e1di h\u00e1z, min\u0151s\u00e9gi, \u00e9p\u00edt\u00e9s, expert\" \/>\n<meta property=\"og:url\" content=\"https:\/\/minosegihaz.hu\/?page_id=6961\" \/>\n<meta property=\"article:modified_time\" content=\"2020-12-06T16:16:52+00:00\" \/>\n<meta name=\"twitter:label1\" content=\"Szerz\u0151:\">\n\t<meta name=\"twitter:data1\" content=\"chriser\">\n\t<meta name=\"twitter:label2\" content=\"Becs\u00fclt olvas\u00e1si id\u0151\">\n\t<meta name=\"twitter:data2\" content=\"0 perc\">\n<script type=\"application\/ld+json\" class=\"yoast-schema-graph\">{\"@context\":\"https:\/\/schema.org\",\"@graph\":[{\"@type\":\"WebSite\",\"@id\":\"https:\/\/minosegihaz.hu\/#website\",\"url\":\"https:\/\/minosegihaz.hu\/\",\"name\":\"\",\"description\":\"Energiahat\\u00e9kony csal\\u00e1di h\\u00e1zak \\u00e9p\\u00edt\\u00e9se, kivitelez\\u00e9se\",\"potentialAction\":[{\"@type\":\"SearchAction\",\"target\":\"https:\/\/minosegihaz.hu\/?s={search_term_string}\",\"query-input\":\"required name=search_term_string\"}],\"inLanguage\":\"hu\"},{\"@type\":\"WebPage\",\"@id\":\"https:\/\/minosegihaz.hu\/?page_id=6961#webpage\",\"url\":\"https:\/\/minosegihaz.hu\/?page_id=6961\",\"name\":\"M\\u0171szaki tartalom \\u00e9s le\\u00edr\\u00e1sok -\",\"isPartOf\":{\"@id\":\"https:\/\/minosegihaz.hu\/#website\"},\"datePublished\":\"2012-03-18T12:42:52+00:00\",\"dateModified\":\"2020-12-06T16:16:52+00:00\",\"description\":\"kivitelez\\u00e9s, energiahat\\u00e9kony, csal\\u00e1di h\\u00e1z, min\\u0151s\\u00e9gi, \\u00e9p\\u00edt\\u00e9s, expert\",\"inLanguage\":\"hu\",\"potentialAction\":[{\"@type\":\"ReadAction\",\"target\":[\"https:\/\/minosegihaz.hu\/?page_id=6961\"]}]}]}<\/script>\n<!-- \/ Yoast SEO plugin. -->","_links":{"self":[{"href":"https:\/\/minosegihaz.hu\/index.php?rest_route=\/wp\/v2\/pages\/6961"}],"collection":[{"href":"https:\/\/minosegihaz.hu\/index.php?rest_route=\/wp\/v2\/pages"}],"about":[{"href":"https:\/\/minosegihaz.hu\/index.php?rest_route=\/wp\/v2\/types\/page"}],"author":[{"embeddable":true,"href":"https:\/\/minosegihaz.hu\/index.php?rest_route=\/wp\/v2\/users\/1"}],"replies":[{"embeddable":true,"href":"https:\/\/minosegihaz.hu\/index.php?rest_route=%2Fwp%2Fv2%2Fcomments&post=6961"}],"version-history":[{"count":9,"href":"https:\/\/minosegihaz.hu\/index.php?rest_route=\/wp\/v2\/pages\/6961\/revisions"}],"predecessor-version":[{"id":13544,"href":"https:\/\/minosegihaz.hu\/index.php?rest_route=\/wp\/v2\/pages\/6961\/revisions\/13544"}],"up":[{"embeddable":true,"href":"https:\/\/minosegihaz.hu\/index.php?rest_route=\/wp\/v2\/pages\/1241"}],"wp:attachment":[{"href":"https:\/\/minosegihaz.hu\/index.php?rest_route=%2Fwp%2Fv2%2Fmedia&parent=6961"}],"curies":[{"name":"wp","href":"https:\/\/api.w.org\/{rel}","templated":true}]}}