{"id":561,"date":"2012-01-13T19:06:53","date_gmt":"2012-01-13T18:06:53","guid":{"rendered":"http:\/\/drupal.minosegihaz.hu\/?page_id=561"},"modified":"2022-03-10T19:05:14","modified_gmt":"2022-03-10T17:05:14","slug":"kivitelezesi-partnereink","status":"publish","type":"page","link":"https:\/\/minosegihaz.hu\/?page_id=561","title":{"rendered":"Kivitelez\u00e9si partnereink"},"content":{"rendered":"<hr>\n<h3 style=\"text-align: center;\">BELS\u0150\u00c9P\u00cdT\u00c9SZET:<br \/>\n<img loading=\"lazy\" src=\"\/content\/geppettologo.png\" alt=\"\" width=\"360\" height=\"280\"><\/h3>\n<h4 style=\"text-align: center;\"><strong>GEPPETTO BELS\u0150\u00c9P\u00cdT\u00c9SZ IRODA<\/strong><br \/>\n1036 Budapest, Perc u. 6.<br \/>\nTelefon: +36 1 270 0107<br \/>\nMobil: +36 70 395 7062<br \/>\n<a title=\"https:\/\/www.geppetto.hu\/\" href=\"https:\/\/www.geppetto.hu\/\" target=\"_blank\" rel=\"noopener noreferrer\">https:\/\/www.geppetto.hu\/<\/a><\/h4>\n<hr>\n<h3 style=\"text-align: center;\">NY\u00cdL\u00c1SZ\u00c1R\u00d3K:<br \/>\n<img loading=\"lazy\" src=\"\/content\/anykft.png\" alt=\"\" width=\"360\" height=\"130\"><\/h3>\n<h4 style=\"text-align: center;\"><strong>ALFA NY\u00cdL\u00c1SZ\u00c1R\u00d3 KFT.<\/strong><br \/>\n2112 Veresegyh\u00e1z, Szadai \u00fat 3.<br \/>\nTelefon\/Fax: +36 28 387 084, +36 28 589 840<br \/>\nMobil: +36 70 395 7062<br \/>\n<a title=\"http:\/\/www.nyilaszarokereskedes.hu\" href=\"http:\/\/www.nyilaszarokereskedes.hu\/\" target=\"_blank\" rel=\"noopener noreferrer\">www.nyilaszarokereskedes.hu<\/a><\/h4>\n<hr>\n<h3 style=\"text-align: center;\">KERT:<\/h3>\n<h4 style=\"text-align: center;\"><strong>Dallos kert<\/strong><br \/>\n2111 Szada, D\u00f3zsa Gy\u00f6rgy \u00fat 149.<br \/>\nVeresegyh\u00e1z \u00e9s Szada k\u00f6z\u00f6tt, a z\u00f6lds\u00e9gessel szemben!<br \/>\nTelefon: +36 20 333 6926, +36 20 936 6061, +36 20 429 3197<\/h4>\n<hr>\n<h3 style=\"text-align: center;\">P\u00c9NZ\u00dcGYI PARTNER\u00dcNK:<\/h3>\n<h3 style=\"text-align: center;\">CashControl Professional<br \/>\nP\u00e9nz\u00fcgyi Tan\u00e1csad\u00f3 Kft.<\/h3>\n<p style=\"text-align: center;\">\n<h4 style=\"text-align: center;\">Telefon: +36 1 999 9970<br \/>\n1067 Budapest, Ter\u00e9z krt. 11. 1. em. 2. 5-\u00f6s cseng\u0151<br \/>\n<a title=\"www.cashcontrol.hu\" href=\"https:\/\/cashcontrol.hu\/\" target=\"_blank\" rel=\"noopener noreferrer\">https:\/\/cashcontrol.hu<\/a><\/h4>\n<hr>\n<h3 style=\"text-align: center;\">NY\u00cdL\u00c1SZ\u00c1R\u00d3K:<br \/>\n<img src=\"\/content\/jaszablak.png\" alt=\"\"><\/h3>\n<h4 style=\"text-align: center;\"><strong>J\u00c1SZ-ABLAK KFT.<\/strong><br \/>\n<strong>Bemutat\u00f3terem:<\/strong><br \/>\n5100 J\u00e1szber\u00e9ny, Kossuth Lajos \u00fat 65\/A.<br \/>\nTelefon: +36 57 407-933<br \/>\n<strong>Telephely:<\/strong><br \/>\n5100 J\u00e1szber\u00e9ny, Cs\u00e1k\u00e1ny u. 1.<br \/>\nTelefon: +36 57 505-550<br \/>\nFax: +36 57 505-551<br \/>\nE-mail: jablak@pr.hu<br \/>\n<a title=\"http:\/\/www.jaszablak.hu\/\" href=\"http:\/\/www.jaszablak.hu\/\" target=\"_blank\" rel=\"noopener noreferrer\">http:\/\/www.jaszablak.hu\/<\/a><\/h4>\n<hr>\n<h3 style=\"text-align: center;\">\u00c9P\u00cdT\u0150ANYAGOK:<br \/>\n<img src=\"\/content\/kucsaker.png\" alt=\"\"><\/h3>\n<h4 style=\"text-align: center;\"><strong>KUCSA-KER KFT.<\/strong><br \/>\n2112 Veresegyh\u00e1z, F\u0151 \u00fat 154.<br \/>\nTelefon: 06-28 385-715<br \/>\nFax: 06-28 387-230<br \/>\nE-mail: info@kucsaker.HU<br \/>\n<a title=\"http:\/\/www.kucsaker.hu\/\" href=\"http:\/\/www.kucsaker.hu\/\" target=\"_blank\" rel=\"noopener noreferrer\">http:\/\/www.kucsaker.hu\/<\/a><\/h4>\n","protected":false},"excerpt":{"rendered":"<p>BELS\u0150\u00c9P\u00cdT\u00c9SZET: GEPPETTO BELS\u0150\u00c9P\u00cdT\u00c9SZ IRODA 1036 Budapest, Perc u. 6. Telefon: +36 1 270 0107 Mobil: +36 70 395 7062 https:\/\/www.geppetto.hu\/ NY\u00cdL\u00c1SZ\u00c1R\u00d3K: ALFA NY\u00cdL\u00c1SZ\u00c1R\u00d3 KFT. 2112 Veresegyh\u00e1z, Szadai \u00fat 3. Telefon\/Fax: +36 28 387 084, +36 28 589 840 Mobil: +36 70 395 7062 www.nyilaszarokereskedes.hu KERT: Dallos kert 2111 Szada, D\u00f3zsa \u2026 <a class=\"continue-reading-link\" href=\"https:\/\/minosegihaz.hu\/?page_id=561\"> Continue reading <span class=\"meta-nav\">&rarr; <\/span><\/a><\/p>\n","protected":false},"author":1,"featured_media":0,"parent":221,"menu_order":0,"comment_status":"open","ping_status":"open","template":"","meta":[],"yoast_head":"<!-- This site is optimized with the Yoast SEO plugin v15.3 - https:\/\/yoast.com\/wordpress\/plugins\/seo\/ -->\n<title>Kivitelez\u00e9si partnereink -<\/title>\n<meta name=\"description\" content=\"kivitelez\u00e9s, energiahat\u00e9kony, csal\u00e1di h\u00e1z, min\u0151s\u00e9gi, \u00e9p\u00edt\u00e9s, expert\" \/>\n<meta name=\"robots\" content=\"index, follow, max-snippet:-1, max-image-preview:large, max-video-preview:-1\" \/>\n<link rel=\"canonical\" href=\"https:\/\/minosegihaz.hu\/?page_id=561\" \/>\n<meta property=\"og:locale\" content=\"hu_HU\" \/>\n<meta property=\"og:type\" content=\"article\" \/>\n<meta property=\"og:title\" content=\"Kivitelez\u00e9si partnereink -\" \/>\n<meta property=\"og:description\" content=\"kivitelez\u00e9s, energiahat\u00e9kony, csal\u00e1di h\u00e1z, min\u0151s\u00e9gi, \u00e9p\u00edt\u00e9s, expert\" \/>\n<meta property=\"og:url\" content=\"https:\/\/minosegihaz.hu\/?page_id=561\" \/>\n<meta property=\"article:modified_time\" content=\"2022-03-10T17:05:14+00:00\" \/>\n<meta property=\"og:image\" content=\"https:\/\/minosegihaz.hu\/content\/geppettologo.png\" \/>\n<meta name=\"twitter:label1\" content=\"Szerz\u0151:\">\n\t<meta name=\"twitter:data1\" content=\"chriser\">\n\t<meta name=\"twitter:label2\" content=\"Becs\u00fclt olvas\u00e1si id\u0151\">\n\t<meta name=\"twitter:data2\" content=\"1 perc\">\n<script type=\"application\/ld+json\" class=\"yoast-schema-graph\">{\"@context\":\"https:\/\/schema.org\",\"@graph\":[{\"@type\":\"WebSite\",\"@id\":\"https:\/\/minosegihaz.hu\/#website\",\"url\":\"https:\/\/minosegihaz.hu\/\",\"name\":\"\",\"description\":\"Energiahat\\u00e9kony csal\\u00e1di h\\u00e1zak \\u00e9p\\u00edt\\u00e9se, kivitelez\\u00e9se\",\"potentialAction\":[{\"@type\":\"SearchAction\",\"target\":\"https:\/\/minosegihaz.hu\/?s={search_term_string}\",\"query-input\":\"required name=search_term_string\"}],\"inLanguage\":\"hu\"},{\"@type\":\"ImageObject\",\"@id\":\"https:\/\/minosegihaz.hu\/?page_id=561#primaryimage\",\"inLanguage\":\"hu\",\"url\":\"\/content\/geppettologo.png\"},{\"@type\":\"WebPage\",\"@id\":\"https:\/\/minosegihaz.hu\/?page_id=561#webpage\",\"url\":\"https:\/\/minosegihaz.hu\/?page_id=561\",\"name\":\"Kivitelez\\u00e9si partnereink -\",\"isPartOf\":{\"@id\":\"https:\/\/minosegihaz.hu\/#website\"},\"primaryImageOfPage\":{\"@id\":\"https:\/\/minosegihaz.hu\/?page_id=561#primaryimage\"},\"datePublished\":\"2012-01-13T18:06:53+00:00\",\"dateModified\":\"2022-03-10T17:05:14+00:00\",\"description\":\"kivitelez\\u00e9s, energiahat\\u00e9kony, csal\\u00e1di h\\u00e1z, min\\u0151s\\u00e9gi, \\u00e9p\\u00edt\\u00e9s, expert\",\"inLanguage\":\"hu\",\"potentialAction\":[{\"@type\":\"ReadAction\",\"target\":[\"https:\/\/minosegihaz.hu\/?page_id=561\"]}]}]}<\/script>\n<!-- \/ Yoast SEO plugin. -->","_links":{"self":[{"href":"https:\/\/minosegihaz.hu\/index.php?rest_route=\/wp\/v2\/pages\/561"}],"collection":[{"href":"https:\/\/minosegihaz.hu\/index.php?rest_route=\/wp\/v2\/pages"}],"about":[{"href":"https:\/\/minosegihaz.hu\/index.php?rest_route=\/wp\/v2\/types\/page"}],"author":[{"embeddable":true,"href":"https:\/\/minosegihaz.hu\/index.php?rest_route=\/wp\/v2\/users\/1"}],"replies":[{"embeddable":true,"href":"https:\/\/minosegihaz.hu\/index.php?rest_route=%2Fwp%2Fv2%2Fcomments&post=561"}],"version-history":[{"count":17,"href":"https:\/\/minosegihaz.hu\/index.php?rest_route=\/wp\/v2\/pages\/561\/revisions"}],"predecessor-version":[{"id":13692,"href":"https:\/\/minosegihaz.hu\/index.php?rest_route=\/wp\/v2\/pages\/561\/revisions\/13692"}],"up":[{"embeddable":true,"href":"https:\/\/minosegihaz.hu\/index.php?rest_route=\/wp\/v2\/pages\/221"}],"wp:attachment":[{"href":"https:\/\/minosegihaz.hu\/index.php?rest_route=%2Fwp%2Fv2%2Fmedia&parent=561"}],"curies":[{"name":"wp","href":"https:\/\/api.w.org\/{rel}","templated":true}]}}