{"id":5141,"date":"2012-03-09T10:02:06","date_gmt":"2012-03-09T10:02:06","guid":{"rendered":"http:\/\/drupal.minosegihaz.hu\/?page_id=5141"},"modified":"2020-12-06T18:10:28","modified_gmt":"2020-12-06T16:10:28","slug":"muszaki-metszetek","status":"publish","type":"page","link":"https:\/\/minosegihaz.hu\/?page_id=5141","title":{"rendered":"M\u0171szaki metszetek"},"content":{"rendered":"<hr>\n<h3>Sima fal<\/h3>\n<p><a href=\"\/content\/sff.jpg\" target=\"_blank\" rel=\"noopener noreferrer\"><br \/>\n<img class=\"aligncenter\" src=\"\/content\/sfn.jpg\" alt=\"\">A k\u00e9pre kattintva a m\u00e9retekkel \u00e9s magyar\u00e1zatokkal kieg\u00e9sz\u00edtett k\u00e9pet tekintheti meg<\/a><\/p>\n<hr>\n<h3>Szigetelt fal<\/h3>\n<p><a href=\"\/content\/szff.jpg\" target=\"_blank\" rel=\"noopener noreferrer\"><br \/>\n<img class=\"aligncenter\" src=\"\/content\/szfn.jpg\" alt=\"\">A k\u00e9pre kattintva a m\u00e9retekkel \u00e9s magyar\u00e1zatokkal kieg\u00e9sz\u00edtett k\u00e9pet tekintheti meg<\/a><\/p>\n<hr>\n<p><img class=\"aligncenter\" src=\"\/content\/sima_fal_also.jpg\" alt=\"\"><\/p>\n<hr>\n<p><img class=\"aligncenter\" src=\"\/content\/sima_fal_felso.jpg\" alt=\"\"><\/p>\n<hr>\n<p><img class=\"aligncenter\" src=\"\/content\/sima_fal_full.jpg\" alt=\"\"><\/p>\n<hr>\n","protected":false},"excerpt":{"rendered":"<p>Sima fal A k\u00e9pre kattintva a m\u00e9retekkel \u00e9s magyar\u00e1zatokkal kieg\u00e9sz\u00edtett k\u00e9pet tekintheti meg Szigetelt fal A k\u00e9pre kattintva a m\u00e9retekkel \u00e9s magyar\u00e1zatokkal kieg\u00e9sz\u00edtett k\u00e9pet tekintheti meg<\/p>\n","protected":false},"author":1,"featured_media":0,"parent":1241,"menu_order":0,"comment_status":"open","ping_status":"closed","template":"","meta":[],"yoast_head":"<!-- This site is optimized with the Yoast SEO plugin v15.3 - https:\/\/yoast.com\/wordpress\/plugins\/seo\/ -->\n<title>M\u0171szaki metszetek -<\/title>\n<meta name=\"description\" content=\"kivitelez\u00e9s, energiahat\u00e9kony, csal\u00e1di h\u00e1z, min\u0151s\u00e9gi, \u00e9p\u00edt\u00e9s, expert\" \/>\n<meta name=\"robots\" content=\"index, follow, max-snippet:-1, max-image-preview:large, max-video-preview:-1\" \/>\n<link rel=\"canonical\" href=\"https:\/\/minosegihaz.hu\/?page_id=5141\" \/>\n<meta property=\"og:locale\" content=\"hu_HU\" \/>\n<meta property=\"og:type\" content=\"article\" \/>\n<meta property=\"og:title\" content=\"M\u0171szaki metszetek -\" \/>\n<meta property=\"og:description\" content=\"kivitelez\u00e9s, energiahat\u00e9kony, csal\u00e1di h\u00e1z, min\u0151s\u00e9gi, \u00e9p\u00edt\u00e9s, expert\" \/>\n<meta property=\"og:url\" content=\"https:\/\/minosegihaz.hu\/?page_id=5141\" \/>\n<meta property=\"article:modified_time\" content=\"2020-12-06T16:10:28+00:00\" \/>\n<meta property=\"og:image\" content=\"https:\/\/minosegihaz.hu\/content\/sfn.jpg\" \/>\n<meta name=\"twitter:label1\" content=\"Szerz\u0151:\">\n\t<meta name=\"twitter:data1\" content=\"chriser\">\n\t<meta name=\"twitter:label2\" content=\"Becs\u00fclt olvas\u00e1si id\u0151\">\n\t<meta name=\"twitter:data2\" content=\"0 perc\">\n<script type=\"application\/ld+json\" class=\"yoast-schema-graph\">{\"@context\":\"https:\/\/schema.org\",\"@graph\":[{\"@type\":\"WebSite\",\"@id\":\"https:\/\/minosegihaz.hu\/#website\",\"url\":\"https:\/\/minosegihaz.hu\/\",\"name\":\"\",\"description\":\"Energiahat\\u00e9kony csal\\u00e1di h\\u00e1zak \\u00e9p\\u00edt\\u00e9se, kivitelez\\u00e9se\",\"potentialAction\":[{\"@type\":\"SearchAction\",\"target\":\"https:\/\/minosegihaz.hu\/?s={search_term_string}\",\"query-input\":\"required name=search_term_string\"}],\"inLanguage\":\"hu\"},{\"@type\":\"ImageObject\",\"@id\":\"https:\/\/minosegihaz.hu\/?page_id=5141#primaryimage\",\"inLanguage\":\"hu\",\"url\":\"\/content\/sfn.jpg\"},{\"@type\":\"WebPage\",\"@id\":\"https:\/\/minosegihaz.hu\/?page_id=5141#webpage\",\"url\":\"https:\/\/minosegihaz.hu\/?page_id=5141\",\"name\":\"M\\u0171szaki metszetek -\",\"isPartOf\":{\"@id\":\"https:\/\/minosegihaz.hu\/#website\"},\"primaryImageOfPage\":{\"@id\":\"https:\/\/minosegihaz.hu\/?page_id=5141#primaryimage\"},\"datePublished\":\"2012-03-09T10:02:06+00:00\",\"dateModified\":\"2020-12-06T16:10:28+00:00\",\"description\":\"kivitelez\\u00e9s, energiahat\\u00e9kony, csal\\u00e1di h\\u00e1z, min\\u0151s\\u00e9gi, \\u00e9p\\u00edt\\u00e9s, expert\",\"inLanguage\":\"hu\",\"potentialAction\":[{\"@type\":\"ReadAction\",\"target\":[\"https:\/\/minosegihaz.hu\/?page_id=5141\"]}]}]}<\/script>\n<!-- \/ Yoast SEO plugin. -->","_links":{"self":[{"href":"https:\/\/minosegihaz.hu\/index.php?rest_route=\/wp\/v2\/pages\/5141"}],"collection":[{"href":"https:\/\/minosegihaz.hu\/index.php?rest_route=\/wp\/v2\/pages"}],"about":[{"href":"https:\/\/minosegihaz.hu\/index.php?rest_route=\/wp\/v2\/types\/page"}],"author":[{"embeddable":true,"href":"https:\/\/minosegihaz.hu\/index.php?rest_route=\/wp\/v2\/users\/1"}],"replies":[{"embeddable":true,"href":"https:\/\/minosegihaz.hu\/index.php?rest_route=%2Fwp%2Fv2%2Fcomments&post=5141"}],"version-history":[{"count":9,"href":"https:\/\/minosegihaz.hu\/index.php?rest_route=\/wp\/v2\/pages\/5141\/revisions"}],"predecessor-version":[{"id":13543,"href":"https:\/\/minosegihaz.hu\/index.php?rest_route=\/wp\/v2\/pages\/5141\/revisions\/13543"}],"up":[{"embeddable":true,"href":"https:\/\/minosegihaz.hu\/index.php?rest_route=\/wp\/v2\/pages\/1241"}],"wp:attachment":[{"href":"https:\/\/minosegihaz.hu\/index.php?rest_route=%2Fwp%2Fv2%2Fmedia&parent=5141"}],"curies":[{"name":"wp","href":"https:\/\/api.w.org\/{rel}","templated":true}]}}