{"id":401,"date":"2012-01-13T18:53:19","date_gmt":"2012-01-13T17:53:19","guid":{"rendered":"http:\/\/drupal.minosegihaz.hu\/?page_id=401"},"modified":"2020-12-06T17:01:16","modified_gmt":"2020-12-06T15:01:16","slug":"elerhetosegeink","status":"publish","type":"page","link":"https:\/\/minosegihaz.hu\/?page_id=401","title":{"rendered":"El\u00e9rhet\u0151s\u00e9geink"},"content":{"rendered":"<hr>\n<h2 style=\"text-align: center;\">Expert Kivitelez\u00e9s Kft.<br \/>\n<img class=\"center\" src=\"\/content\/ervin.jpg\" alt=\"\"><br \/>\nC\u00e9gvezet\u0151:<br \/>\nKrastenics Ervin<\/h2>\n<h4 style=\"text-align: center;\">Telefon: +36 70 386-69-66<br \/>\ne-mail: <a href=\"mailto:minosegihaz@gmail.com\">minosegihaz@gmail.com<\/a><br \/>\n<a title=\"https:\/\/minosegihaz.hu\" href=\"https:\/\/minosegihaz.hu\">https:\/\/minosegihaz.hu<\/a><\/h4>\n<hr>\n<h3 style=\"text-align: center;\">Irod\u00e1nk:<\/h3>\n<h4 style=\"text-align: center;\">2112 Veresegyh\u00e1z, F\u0151 \u00fat 69. emelet.<\/h4>\n<p><img class=\"center aligncenter\" src=\"\/content\/iroda001.png\" alt=\"\"><br \/>\n<img class=\"center aligncenter\" src=\"\/content\/iroda002.png\" alt=\"\"><br \/>\n<iframe style=\"border: 0;\" src=\"https:\/\/www.google.com\/maps\/embed?pb=!1m10!1m8!1m3!1d2687.413506899837!2d19.2845745911666!3d47.65696286773003!3m2!1i1024!2i768!4f13.1!5e0!3m2!1shu!2sus!4v1486405369058\" width=\"600\" height=\"450\" frameborder=\"0\"><\/iframe><\/p>\n","protected":false},"excerpt":{"rendered":"<p>Expert Kivitelez\u00e9s Kft. C\u00e9gvezet\u0151: Krastenics Ervin Telefon: +36 70 386-69-66 e-mail: minosegihaz@gmail.com https:\/\/minosegihaz.hu Irod\u00e1nk: 2112 Veresegyh\u00e1z, F\u0151 \u00fat 69. emelet.<\/p>\n","protected":false},"author":1,"featured_media":0,"parent":221,"menu_order":0,"comment_status":"open","ping_status":"open","template":"","meta":[],"yoast_head":"<!-- This site is optimized with the Yoast SEO plugin v15.3 - https:\/\/yoast.com\/wordpress\/plugins\/seo\/ -->\n<title>El\u00e9rhet\u0151s\u00e9geink -<\/title>\n<meta name=\"description\" content=\"kivitelez\u00e9s, energiahat\u00e9kony, csal\u00e1di h\u00e1z, min\u0151s\u00e9gi, \u00e9p\u00edt\u00e9s, expert\" \/>\n<meta name=\"robots\" content=\"index, follow, max-snippet:-1, max-image-preview:large, max-video-preview:-1\" \/>\n<link rel=\"canonical\" href=\"https:\/\/minosegihaz.hu\/?page_id=401\" \/>\n<meta property=\"og:locale\" content=\"hu_HU\" \/>\n<meta property=\"og:type\" content=\"article\" \/>\n<meta property=\"og:title\" content=\"El\u00e9rhet\u0151s\u00e9geink -\" \/>\n<meta property=\"og:description\" content=\"kivitelez\u00e9s, energiahat\u00e9kony, csal\u00e1di h\u00e1z, min\u0151s\u00e9gi, \u00e9p\u00edt\u00e9s, expert\" \/>\n<meta property=\"og:url\" content=\"https:\/\/minosegihaz.hu\/?page_id=401\" \/>\n<meta property=\"article:modified_time\" content=\"2020-12-06T15:01:16+00:00\" \/>\n<meta property=\"og:image\" content=\"https:\/\/minosegihaz.hu\/content\/ervin.jpg\" \/>\n<meta name=\"twitter:label1\" content=\"Szerz\u0151:\">\n\t<meta name=\"twitter:data1\" content=\"chriser\">\n\t<meta name=\"twitter:label2\" content=\"Becs\u00fclt olvas\u00e1si id\u0151\">\n\t<meta name=\"twitter:data2\" content=\"0 perc\">\n<script type=\"application\/ld+json\" class=\"yoast-schema-graph\">{\"@context\":\"https:\/\/schema.org\",\"@graph\":[{\"@type\":\"WebSite\",\"@id\":\"https:\/\/minosegihaz.hu\/#website\",\"url\":\"https:\/\/minosegihaz.hu\/\",\"name\":\"\",\"description\":\"Energiahat\\u00e9kony csal\\u00e1di h\\u00e1zak \\u00e9p\\u00edt\\u00e9se, kivitelez\\u00e9se\",\"potentialAction\":[{\"@type\":\"SearchAction\",\"target\":\"https:\/\/minosegihaz.hu\/?s={search_term_string}\",\"query-input\":\"required name=search_term_string\"}],\"inLanguage\":\"hu\"},{\"@type\":\"ImageObject\",\"@id\":\"https:\/\/minosegihaz.hu\/?page_id=401#primaryimage\",\"inLanguage\":\"hu\",\"url\":\"\/content\/ervin.jpg\"},{\"@type\":\"WebPage\",\"@id\":\"https:\/\/minosegihaz.hu\/?page_id=401#webpage\",\"url\":\"https:\/\/minosegihaz.hu\/?page_id=401\",\"name\":\"El\\u00e9rhet\\u0151s\\u00e9geink -\",\"isPartOf\":{\"@id\":\"https:\/\/minosegihaz.hu\/#website\"},\"primaryImageOfPage\":{\"@id\":\"https:\/\/minosegihaz.hu\/?page_id=401#primaryimage\"},\"datePublished\":\"2012-01-13T17:53:19+00:00\",\"dateModified\":\"2020-12-06T15:01:16+00:00\",\"description\":\"kivitelez\\u00e9s, energiahat\\u00e9kony, csal\\u00e1di h\\u00e1z, min\\u0151s\\u00e9gi, \\u00e9p\\u00edt\\u00e9s, expert\",\"inLanguage\":\"hu\",\"potentialAction\":[{\"@type\":\"ReadAction\",\"target\":[\"https:\/\/minosegihaz.hu\/?page_id=401\"]}]}]}<\/script>\n<!-- \/ Yoast SEO plugin. -->","_links":{"self":[{"href":"https:\/\/minosegihaz.hu\/index.php?rest_route=\/wp\/v2\/pages\/401"}],"collection":[{"href":"https:\/\/minosegihaz.hu\/index.php?rest_route=\/wp\/v2\/pages"}],"about":[{"href":"https:\/\/minosegihaz.hu\/index.php?rest_route=\/wp\/v2\/types\/page"}],"author":[{"embeddable":true,"href":"https:\/\/minosegihaz.hu\/index.php?rest_route=\/wp\/v2\/users\/1"}],"replies":[{"embeddable":true,"href":"https:\/\/minosegihaz.hu\/index.php?rest_route=%2Fwp%2Fv2%2Fcomments&post=401"}],"version-history":[{"count":32,"href":"https:\/\/minosegihaz.hu\/index.php?rest_route=\/wp\/v2\/pages\/401\/revisions"}],"predecessor-version":[{"id":13532,"href":"https:\/\/minosegihaz.hu\/index.php?rest_route=\/wp\/v2\/pages\/401\/revisions\/13532"}],"up":[{"embeddable":true,"href":"https:\/\/minosegihaz.hu\/index.php?rest_route=\/wp\/v2\/pages\/221"}],"wp:attachment":[{"href":"https:\/\/minosegihaz.hu\/index.php?rest_route=%2Fwp%2Fv2%2Fmedia&parent=401"}],"curies":[{"name":"wp","href":"https:\/\/api.w.org\/{rel}","templated":true}]}}