{"id":221,"date":"2012-01-13T18:50:29","date_gmt":"2012-01-13T17:50:29","guid":{"rendered":"http:\/\/drupal.minosegihaz.hu\/?page_id=221"},"modified":"2020-12-06T16:51:09","modified_gmt":"2020-12-06T14:51:09","slug":"cegunkrol","status":"publish","type":"page","link":"https:\/\/minosegihaz.hu\/?page_id=221","title":{"rendered":"C\u00e9g\u00fcnkr\u0151l"},"content":{"rendered":"<hr>\n<p><a href=\"https:\/\/minosegihaz.hu\/ \"><img src=\"https:\/\/minosegihaz.hu\/content\/sz_cegprofil.png\" alt=\"\"><\/a><br \/>\n<a href=\"https:\/\/minosegihaz.hu\/?page_id=8481 \"><img src=\"https:\/\/minosegihaz.hu\/content\/sz_ceginfo.png\" alt=\"\"><\/a><br \/>\n<a href=\"https:\/\/minosegihaz.hu\/?page_id=401 \"><img src=\"https:\/\/minosegihaz.hu\/content\/sz_eler.png\" alt=\"\"><\/a><br \/>\n<a href=\"https:\/\/minosegihaz.hu\/?page_id=561 \"><img src=\"https:\/\/minosegihaz.hu\/content\/sz_kivp.png\" alt=\"\"><\/a><br \/>\n<a href=\"https:\/\/minosegihaz.hu\/?page_id=621 \"><img src=\"https:\/\/minosegihaz.hu\/content\/sz_szkiv.png\" alt=\"\"><\/a><\/p>\n","protected":false},"excerpt":{"rendered":"","protected":false},"author":1,"featured_media":0,"parent":0,"menu_order":0,"comment_status":"open","ping_status":"open","template":"","meta":[],"yoast_head":"<!-- This site is optimized with the Yoast SEO plugin v15.3 - https:\/\/yoast.com\/wordpress\/plugins\/seo\/ -->\n<title>C\u00e9g\u00fcnkr\u0151l -<\/title>\n<meta name=\"description\" content=\"kivitelez\u00e9s, energiahat\u00e9kony, csal\u00e1di h\u00e1z, min\u0151s\u00e9gi, \u00e9p\u00edt\u00e9s, expert\" \/>\n<meta name=\"robots\" content=\"index, follow, max-snippet:-1, max-image-preview:large, max-video-preview:-1\" \/>\n<link rel=\"canonical\" href=\"https:\/\/minosegihaz.hu\/?page_id=221\" \/>\n<meta property=\"og:locale\" content=\"hu_HU\" \/>\n<meta property=\"og:type\" content=\"article\" \/>\n<meta property=\"og:title\" content=\"C\u00e9g\u00fcnkr\u0151l -\" \/>\n<meta property=\"og:description\" content=\"kivitelez\u00e9s, energiahat\u00e9kony, csal\u00e1di h\u00e1z, min\u0151s\u00e9gi, \u00e9p\u00edt\u00e9s, expert\" \/>\n<meta property=\"og:url\" content=\"https:\/\/minosegihaz.hu\/?page_id=221\" \/>\n<meta property=\"article:modified_time\" content=\"2020-12-06T14:51:09+00:00\" \/>\n<meta property=\"og:image\" content=\"https:\/\/minosegihaz.hu\/content\/sz_cegprofil.png\" \/>\n<meta name=\"twitter:label1\" content=\"Szerz\u0151:\">\n\t<meta name=\"twitter:data1\" content=\"chriser\">\n\t<meta name=\"twitter:label2\" content=\"Becs\u00fclt olvas\u00e1si id\u0151\">\n\t<meta name=\"twitter:data2\" content=\"0 perc\">\n<script type=\"application\/ld+json\" class=\"yoast-schema-graph\">{\"@context\":\"https:\/\/schema.org\",\"@graph\":[{\"@type\":\"WebSite\",\"@id\":\"https:\/\/minosegihaz.hu\/#website\",\"url\":\"https:\/\/minosegihaz.hu\/\",\"name\":\"\",\"description\":\"Energiahat\\u00e9kony csal\\u00e1di h\\u00e1zak \\u00e9p\\u00edt\\u00e9se, kivitelez\\u00e9se\",\"potentialAction\":[{\"@type\":\"SearchAction\",\"target\":\"https:\/\/minosegihaz.hu\/?s={search_term_string}\",\"query-input\":\"required name=search_term_string\"}],\"inLanguage\":\"hu\"},{\"@type\":\"ImageObject\",\"@id\":\"https:\/\/minosegihaz.hu\/?page_id=221#primaryimage\",\"inLanguage\":\"hu\",\"url\":\"https:\/\/minosegihaz.hu\/content\/sz_cegprofil.png\"},{\"@type\":\"WebPage\",\"@id\":\"https:\/\/minosegihaz.hu\/?page_id=221#webpage\",\"url\":\"https:\/\/minosegihaz.hu\/?page_id=221\",\"name\":\"C\\u00e9g\\u00fcnkr\\u0151l -\",\"isPartOf\":{\"@id\":\"https:\/\/minosegihaz.hu\/#website\"},\"primaryImageOfPage\":{\"@id\":\"https:\/\/minosegihaz.hu\/?page_id=221#primaryimage\"},\"datePublished\":\"2012-01-13T17:50:29+00:00\",\"dateModified\":\"2020-12-06T14:51:09+00:00\",\"description\":\"kivitelez\\u00e9s, energiahat\\u00e9kony, csal\\u00e1di h\\u00e1z, min\\u0151s\\u00e9gi, \\u00e9p\\u00edt\\u00e9s, expert\",\"inLanguage\":\"hu\",\"potentialAction\":[{\"@type\":\"ReadAction\",\"target\":[\"https:\/\/minosegihaz.hu\/?page_id=221\"]}]}]}<\/script>\n<!-- \/ Yoast SEO plugin. -->","_links":{"self":[{"href":"https:\/\/minosegihaz.hu\/index.php?rest_route=\/wp\/v2\/pages\/221"}],"collection":[{"href":"https:\/\/minosegihaz.hu\/index.php?rest_route=\/wp\/v2\/pages"}],"about":[{"href":"https:\/\/minosegihaz.hu\/index.php?rest_route=\/wp\/v2\/types\/page"}],"author":[{"embeddable":true,"href":"https:\/\/minosegihaz.hu\/index.php?rest_route=\/wp\/v2\/users\/1"}],"replies":[{"embeddable":true,"href":"https:\/\/minosegihaz.hu\/index.php?rest_route=%2Fwp%2Fv2%2Fcomments&post=221"}],"version-history":[{"count":30,"href":"https:\/\/minosegihaz.hu\/index.php?rest_route=\/wp\/v2\/pages\/221\/revisions"}],"predecessor-version":[{"id":13525,"href":"https:\/\/minosegihaz.hu\/index.php?rest_route=\/wp\/v2\/pages\/221\/revisions\/13525"}],"wp:attachment":[{"href":"https:\/\/minosegihaz.hu\/index.php?rest_route=%2Fwp%2Fv2%2Fmedia&parent=221"}],"curies":[{"name":"wp","href":"https:\/\/api.w.org\/{rel}","templated":true}]}}