{"id":10801,"date":"2012-05-08T11:43:06","date_gmt":"2012-05-08T11:43:06","guid":{"rendered":"http:\/\/minosegihazak.hu\/?page_id=10801"},"modified":"2023-07-20T21:57:52","modified_gmt":"2023-07-20T19:57:52","slug":"kepgaleria-2007-2010","status":"publish","type":"page","link":"https:\/\/minosegihaz.hu\/?page_id=10801","title":{"rendered":"K\u00e9pgal\u00e9ria 2007-2018"},"content":{"rendered":"<h3 style=\"text-align: center;\">\u0150rbotty\u00e1n, mediterr\u00e1n<\/h3>\n<p><img src=\"https:\/\/minosegihaz.hu\/content\/collage\/botymed.png\"><\/p>\n<hr>\n<h3 style=\"text-align: center;\">Veresegyh\u00e1z, Lisznyai klasszikus<\/h3>\n<p><img src=\"https:\/\/minosegihaz.hu\/content\/collage\/verlisklas.png\"><\/p>\n<hr>\n<h3 style=\"text-align: center;\">Budapest 19, modern<\/h3>\n<p><img src=\"https:\/\/minosegihaz.hu\/content\/collage\/bp19.png\"><\/p>\n<hr>\n<h3 style=\"text-align: center;\">V\u00e1c, panor\u00e1m\u00e1s<\/h3>\n<p><img src=\"https:\/\/minosegihaz.hu\/content\/collage\/vacpanoramas1.png\"><\/p>\n<hr>\n<h3 style=\"text-align: center;\">Veresegyh\u00e1z, hegyl\u00e1b<\/h3>\n<p><img src=\"https:\/\/minosegihaz.hu\/content\/collage\/vereshegylab1.png\"><\/p>\n<hr>\n<h3 style=\"text-align: center;\">Veresegyh\u00e1z, \u00d6reghegy sor<\/h3>\n<p><img src=\"https:\/\/minosegihaz.hu\/content\/collage\/veresoreghegys1.png\"><\/p>\n<hr>\n<h3 style=\"text-align: center;\">Veresegyh\u00e1z, Egressy B\u00e9ni<\/h3>\n<p><img src=\"https:\/\/minosegihaz.hu\/content\/collage\/vereseb1.png\"><\/p>\n<hr>\n<h3 style=\"text-align: center;\">Szada, Rig\u00f3<\/h3>\n<p><img src=\"https:\/\/minosegihaz.hu\/content\/collage\/szadarigo.png\"><\/p>\n<hr>\n<h3 style=\"text-align: center;\">\u0150rbotty\u00e1n, klasszikus 2<\/h3>\n<p><img src=\"https:\/\/minosegihaz.hu\/content\/collage\/obklasz21.png\"><\/p>\n<hr>\n<h3 style=\"text-align: center;\">Szada, modern<\/h3>\n<p><img src=\"https:\/\/minosegihaz.hu\/content\/collage\/szadmod.png\"><\/p>\n<hr>\n<h3 style=\"text-align: center;\">Veresegyh\u00e1z, P\u00e1skom panor\u00e1m\u00e1s III<\/h3>\n<p><img src=\"https:\/\/minosegihaz.hu\/content\/collage\/vppiii.png\"><\/p>\n<hr>\n<h3 style=\"text-align: center;\">Cs\u00f6m\u00f6r, modern<\/h3>\n<p><img src=\"https:\/\/minosegihaz.hu\/content\/collage\/csomormodern.png\"><\/p>\n<hr>\n<h3 style=\"text-align: center;\">Nagytarcsa<\/h3>\n<p><img src=\"https:\/\/minosegihaz.hu\/content\/collage\/nagytarcsa.png\"><\/p>\n<hr>\n<h3 style=\"text-align: center;\">Budakeszi, bajor<\/h3>\n<p><img src=\"https:\/\/minosegihaz.hu\/content\/collage\/budakeszibajor.png\"><\/p>\n<hr>\n<h3 style=\"text-align: center;\">Veresegyh\u00e1z, Lisznyai modern<\/h3>\n<p><img src=\"https:\/\/minosegihaz.hu\/content\/collage\/vereslisznyaimodern.png\"><\/p>\n<hr>\n<h3 style=\"text-align: center;\">Bag, klasszikus<\/h3>\n<p><img src=\"https:\/\/minosegihaz.hu\/content\/collage\/bagklasszikus.png\"><\/p>\n<hr>\n<h3 style=\"text-align: center;\">Veresegyh\u00e1z, Levendula<\/h3>\n<p><img src=\"https:\/\/minosegihaz.hu\/content\/collage\/vereslevendula.png\"><\/p>\n<hr>\n<h3 style=\"text-align: center;\">Veresegyh\u00e1z, Kr\u00f3nik\u00e1s 3<\/h3>\n<p><img src=\"https:\/\/minosegihaz.hu\/content\/collage\/vereskronikas3.png\"><\/p>\n<hr>\n<h3 style=\"text-align: center;\">Veresegyh\u00e1z, Kr\u00f3nik\u00e1s 1<\/h3>\n<p><img src=\"https:\/\/minosegihaz.hu\/content\/collage\/vereskronikas1.png\"><\/p>\n<hr>\n<h3 style=\"text-align: center;\">Szada, Fenyves<\/h3>\n<p><img src=\"https:\/\/minosegihaz.hu\/content\/collage\/szadafenyves.png\"><\/p>\n<hr>\n<h3 style=\"text-align: center;\">Veresegyh\u00e1z, Bakfark mediterr\u00e1n<\/h3>\n<p><img src=\"https:\/\/minosegihaz.hu\/content\/collage\/veresbakmed.png\"><\/p>\n<hr>\n<h3 style=\"text-align: center;\">Veresegyh\u00e1z, Kr\u00f3nik\u00e1s 2<\/h3>\n<p><img src=\"https:\/\/minosegihaz.hu\/content\/collage\/vereskron2.png\"><\/p>\n<hr>\n<h3 style=\"text-align: center;\">Pilisborosjen\u0151, Szell\u0151<\/h3>\n<p><img src=\"https:\/\/minosegihaz.hu\/content\/collage\/pilisbjszello.png\"><\/p>\n<hr>\n<h3 style=\"text-align: center;\">Veresegyh\u00e1z, Sportf\u00f6ld<\/h3>\n<p><img src=\"https:\/\/minosegihaz.hu\/content\/collage\/veressf.png\"><\/p>\n<hr>\n<h3 style=\"text-align: center;\">Szada, B\u00f6lcs\u0151de<\/h3>\n<p><img src=\"https:\/\/minosegihaz.hu\/content\/collage\/szadabolcsi.png\"><\/p>\n<hr>\n<h3 style=\"text-align: center;\">J\u00e1szber\u00e9ny, kertv\u00e1rosias<\/h3>\n<p><img src=\"https:\/\/minosegihaz.hu\/content\/collage\/jbkv.png\"><\/p>\n<hr>\n<h3 style=\"text-align: center;\">Veresegyh\u00e1z, Kod\u00e1ly Zolt\u00e1n<\/h3>\n<p><img src=\"https:\/\/minosegihaz.hu\/content\/collage\/vereskodalyz.png\"><\/p>\n<hr>\n<h3 style=\"text-align: center;\">J\u00e1szber\u00e9ny, hagyom\u00e1nyos 2<\/h3>\n<p><img src=\"https:\/\/minosegihaz.hu\/content\/collage\/jbh2.png\"><\/p>\n<hr>\n<h3 style=\"text-align: center;\">Di\u00f3sd, mediterr\u00e1n<\/h3>\n<p><img src=\"https:\/\/minosegihaz.hu\/content\/collage\/diosdmed.png\"><\/p>\n<hr>\n<h3 style=\"text-align: center;\">Budakeszi<\/h3>\n<p><img src=\"https:\/\/minosegihaz.hu\/content\/collage\/budakeszi.png\"><\/p>\n<hr>\n<h3 style=\"text-align: center;\">Erd\u0151kertes, Klasszikus (2014)<\/h3>\n<p><img src=\"https:\/\/minosegihaz.hu\/content\/collage\/ekk2014.png\"><\/p>\n<hr>\n<h3 style=\"text-align: center;\">Solym\u00e1r, klasszikus<\/h3>\n<p><img src=\"https:\/\/minosegihaz.hu\/content\/collage\/solymark.png\"><\/p>\n<hr>\n<h3 style=\"text-align: center;\">G\u00f6d\u00f6ll\u0151, Klebelsberg Kuno iker<\/h3>\n<p><img src=\"https:\/\/minosegihaz.hu\/content\/collage\/gkki.png\"><\/p>\n<hr>\n<h3 style=\"text-align: center;\">G\u00f6d\u00f6ll\u0151, modern (2013)<\/h3>\n<p><img src=\"https:\/\/minosegihaz.hu\/content\/collage\/godmod13.png\"><\/p>\n<hr>\n<h3 style=\"text-align: center;\">\u0150rbotty\u00e1n, falusi jelleg\u0171<\/h3>\n<p><img src=\"https:\/\/minosegihaz.hu\/content\/collage\/orbfal.png\"><\/p>\n<hr>\n<h3 style=\"text-align: center;\">J\u00e1szber\u00e9ny, hagyom\u00e1nyos 1<\/h3>\n<p><img src=\"https:\/\/minosegihaz.hu\/content\/collage\/jbh1.png\"><\/p>\n<hr>\n<h3 style=\"text-align: center;\">Veresegyh\u00e1z, K\u00f6k\u00e9ny (2013)<\/h3>\n<p><img src=\"https:\/\/minosegihaz.hu\/content\/collage\/vereskok13.png\"><\/p>\n<hr>\n<h3 style=\"text-align: center;\">F\u00f3tliget, klasszikus (2013)<\/h3>\n<p><img src=\"https:\/\/minosegihaz.hu\/content\/collage\/fotkl13.png\"><\/p>\n<hr>\n<h3 style=\"text-align: center;\">V\u00e1c, modern (2013)<\/h3>\n<p><img src=\"https:\/\/minosegihaz.hu\/content\/collage\/vacmod13.png\"><\/p>\n<hr>\n<h3 style=\"text-align: center;\">Szada, Hajnal (2013)<\/h3>\n<p><img src=\"https:\/\/minosegihaz.hu\/content\/collage\/szadah13.png\"><\/p>\n<hr>\n<h3 style=\"text-align: center;\">Veresegyh\u00e1z, Lisznyai 1<\/h3>\n<p><img src=\"https:\/\/minosegihaz.hu\/content\/collage\/vereslisz1.png\"><\/p>\n<hr>\n<h3 style=\"text-align: center;\">Pilisborosjen\u0151, hossz\u00fa h\u00e1z (2012)<\/h3>\n<p><img src=\"https:\/\/minosegihaz.hu\/content\/collage\/pbjhosszu.png\"><\/p>\n<hr>\n<h3 style=\"text-align: center;\">Veresegyh\u00e1z, P\u00e1skom utca II.<\/h3>\n<p><img src=\"https:\/\/minosegihaz.hu\/content\/collage\/verespas2.png\"><\/p>\n<hr>\n<h3 style=\"text-align: center;\">Veresegyh\u00e1z, Muzsik\u00e1s<\/h3>\n<p><img src=\"https:\/\/minosegihaz.hu\/content\/collage\/veresmuzs.png\"><\/p>\n<hr>\n<h3 style=\"text-align: center;\">J\u00e1szber\u00e9ny, mediterr\u00e1n (2012)<\/h3>\n<p><img src=\"https:\/\/minosegihaz.hu\/content\/collage\/jaszbmed.png\"><\/p>\n<hr>\n<h3 style=\"text-align: center;\">Buda, klasszikus<\/h3>\n<p><img src=\"https:\/\/minosegihaz.hu\/content\/collage\/budaklassz.png\"><\/p>\n<hr>\n<h3 style=\"text-align: center;\">Erd\u0151kertes, mediterr\u00e1n<\/h3>\n<p><img src=\"https:\/\/minosegihaz.hu\/content\/collage\/ekmed.png\"><br \/>\n<!--\n\n\n<h3 style=\"text-align: center;\">H\u00e1rmask\u00fat I. lak\u00e1s<\/h3>\n\n\n\n\n<h3 style=\"text-align: center;\">H\u00e1rmask\u00fat II. lak\u00e1s<\/h3>\n\n\n\n\n<h3 style=\"text-align: center;\">Veresegyh\u00e1z, P\u00e1skom utca<\/h3>\n\n\n\n\n<h3 style=\"text-align: center;\">Veresegyh\u00e1z, Kacs\u00f3h Pongr\u00e1c utca I. lak\u00e1s<\/h3>\n\n\n\n\n<h3 style=\"text-align: center;\">Veresegyh\u00e1z, Kacs\u00f3h Pongr\u00e1c utca II. lak\u00e1s<\/h3>\n\n\n\n\n<h3 style=\"text-align: center;\">K\u00e9tszintes modern<\/h3>\n\n\n\n\n<h3 style=\"text-align: center;\">Mediterr\u00e1n<\/h3>\n\n\n\n\n<h3 style=\"text-align: center;\">Bart\u00f3k u.<\/h3>\n\n\n\n\n<h3 style=\"text-align: center;\">Veresegyh\u00e1z, Lisznyai u. \"B\" lak\u00e1s<\/h3>\n\n\n\n\n<h3 style=\"text-align: center;\">Veresegyh\u00e1z, Sorh\u00e1z<\/h3>\n\n\n\n\n<h3 style=\"text-align: center;\">Szada, Blaha u.<\/h3>\n\n\n\n\n<h3 style=\"text-align: center;\">Et\u00fcd u.<\/h3>\n\n\n\n\n<h3 style=\"text-align: center;\">Veresegyh\u00e1z, Lisznyai u. \"A\" lak\u00e1s<\/h3>\n\n\n\n\n<h3 style=\"text-align: center;\">Veresegyh\u00e1z, Tin\u00f3di<\/h3>\n\n\n\n\n<h3 style=\"text-align: center;\">Erd\u0151kertes<\/h3>\n\n\n\n\n<h3 style=\"text-align: center;\">B\u00e1rdos Lajos<\/h3>\n\n\n\n\n<h3 style=\"text-align: center;\">Bart\u00f3k l\u00e1nch\u00e1z<\/h3>\n\n\n\n\n<h3 style=\"text-align: center;\">Veresegyh\u00e1z, Kod\u00e1ly<\/h3>\n\n\n\n\n<h3 style=\"text-align: center;\">Veresegyh\u00e1z, Sz\u00e9chenyi<\/h3>\n\n\n\n\n<h3 style=\"text-align: center;\">Szada, Margita<\/h3>\n\n\n\n\n<h3 style=\"text-align: center;\">Szada, V\u00e1rdomb<\/h3>\n\n\n\n\n<h3 style=\"text-align: center;\">Veresegyh\u00e1z, Lisznyai Szab\u00f3 G\u00e1bor - k\u00e9tlak\u00e1sos<\/h3>\n\n\n\n\n<h3 style=\"text-align: center;\">F\u00f3tliget, modern<\/h3>\n\n\n\n\n<h3 style=\"text-align: center;\">Szada, Teleki S\u00e1muel<\/h3>\n\n\n\n\n<h3 style=\"text-align: center;\">Veresegyh\u00e1z, K\u00e1lm\u00e1n Imre k\u00f6z<\/h3>\n\n\n\n\n<h3 style=\"text-align: center;\">Taksony, sz\u0151l\u0151s mellett<\/h3>\n\n\n\n\n<h3 style=\"text-align: center;\">Et\u0171d, mediterr\u00e1n<\/h3>\n\n\n\n\n<h3 style=\"text-align: center;\">Budapest 18<\/h3>\n\n\n\n\n<h3 style=\"text-align: center;\">P\u00e9cel, modern<\/h3>\n\n\n\n\n<h3 style=\"text-align: center;\">T\u00e1pi\u00f3s\u00e1g, klasszikus<\/h3>\n\n\n\n\n<h3 style=\"text-align: center;\">F\u00f3t, klasszikus<\/h3>\n\n\n\n\n<h3 style=\"text-align: center;\">Veresegyh\u00e1z, Hagyom\u00e1nyos (2013)<\/h3>\n\n\n\n\n<h3 style=\"text-align: center;\">Veresegyh\u00e1z, Bakfark<\/h3>\n\n\n\n\n<h3 style=\"text-align: center;\">Veresegyh\u00e1z, Bakfark<\/h3>\n\n\n\n\n<h3 style=\"text-align: center;\">Et\u0171d, mediterr\u00e1n<\/h3>\n\n\n--><\/p>\n<hr>\n","protected":false},"excerpt":{"rendered":"<p>\u0150rbotty\u00e1n, mediterr\u00e1n Veresegyh\u00e1z, Lisznyai klasszikus Budapest 19, modern V\u00e1c, panor\u00e1m\u00e1s Veresegyh\u00e1z, hegyl\u00e1b Veresegyh\u00e1z, \u00d6reghegy sor Veresegyh\u00e1z, Egressy B\u00e9ni Szada, Rig\u00f3 \u0150rbotty\u00e1n, klasszikus 2 Szada, modern Veresegyh\u00e1z, P\u00e1skom panor\u00e1m\u00e1s III Cs\u00f6m\u00f6r, modern Nagytarcsa Budakeszi, bajor Veresegyh\u00e1z, Lisznyai modern Bag, klasszikus Veresegyh\u00e1z, Levendula Veresegyh\u00e1z, Kr\u00f3nik\u00e1s 3 Veresegyh\u00e1z, Kr\u00f3nik\u00e1s 1 Szada, Fenyves Veresegyh\u00e1z, \u2026 <a class=\"continue-reading-link\" href=\"https:\/\/minosegihaz.hu\/?page_id=10801\"> Continue reading <span class=\"meta-nav\">&rarr; <\/span><\/a><\/p>\n","protected":false},"author":1,"featured_media":0,"parent":0,"menu_order":0,"comment_status":"open","ping_status":"open","template":"","meta":[],"yoast_head":"<!-- This site is optimized with the Yoast SEO plugin v15.3 - https:\/\/yoast.com\/wordpress\/plugins\/seo\/ -->\n<title>K\u00e9pgal\u00e9ria 2007-2018 -<\/title>\n<meta name=\"description\" content=\"kivitelez\u00e9s, energiahat\u00e9kony, csal\u00e1di h\u00e1z, min\u0151s\u00e9gi, \u00e9p\u00edt\u00e9s, expert\" \/>\n<meta name=\"robots\" content=\"index, follow, max-snippet:-1, max-image-preview:large, max-video-preview:-1\" \/>\n<link rel=\"canonical\" href=\"https:\/\/minosegihaz.hu\/?page_id=10801\" \/>\n<meta property=\"og:locale\" content=\"hu_HU\" \/>\n<meta property=\"og:type\" content=\"article\" \/>\n<meta property=\"og:title\" content=\"K\u00e9pgal\u00e9ria 2007-2018 -\" \/>\n<meta property=\"og:description\" content=\"kivitelez\u00e9s, energiahat\u00e9kony, csal\u00e1di h\u00e1z, min\u0151s\u00e9gi, \u00e9p\u00edt\u00e9s, expert\" \/>\n<meta property=\"og:url\" content=\"https:\/\/minosegihaz.hu\/?page_id=10801\" \/>\n<meta property=\"article:modified_time\" content=\"2023-07-20T19:57:52+00:00\" \/>\n<meta property=\"og:image\" content=\"https:\/\/minosegihaz.hu\/content\/collage\/botymed.png\" \/>\n<meta name=\"twitter:label1\" content=\"Szerz\u0151:\">\n\t<meta name=\"twitter:data1\" content=\"chriser\">\n\t<meta name=\"twitter:label2\" content=\"Becs\u00fclt olvas\u00e1si id\u0151\">\n\t<meta name=\"twitter:data2\" content=\"1 perc\">\n<script type=\"application\/ld+json\" class=\"yoast-schema-graph\">{\"@context\":\"https:\/\/schema.org\",\"@graph\":[{\"@type\":\"WebSite\",\"@id\":\"https:\/\/minosegihaz.hu\/#website\",\"url\":\"https:\/\/minosegihaz.hu\/\",\"name\":\"\",\"description\":\"Energiahat\\u00e9kony csal\\u00e1di h\\u00e1zak \\u00e9p\\u00edt\\u00e9se, kivitelez\\u00e9se\",\"potentialAction\":[{\"@type\":\"SearchAction\",\"target\":\"https:\/\/minosegihaz.hu\/?s={search_term_string}\",\"query-input\":\"required name=search_term_string\"}],\"inLanguage\":\"hu\"},{\"@type\":\"ImageObject\",\"@id\":\"https:\/\/minosegihaz.hu\/?page_id=10801#primaryimage\",\"inLanguage\":\"hu\",\"url\":\"https:\/\/minosegihaz.hu\/content\/collage\/botymed.png\"},{\"@type\":\"WebPage\",\"@id\":\"https:\/\/minosegihaz.hu\/?page_id=10801#webpage\",\"url\":\"https:\/\/minosegihaz.hu\/?page_id=10801\",\"name\":\"K\\u00e9pgal\\u00e9ria 2007-2018 -\",\"isPartOf\":{\"@id\":\"https:\/\/minosegihaz.hu\/#website\"},\"primaryImageOfPage\":{\"@id\":\"https:\/\/minosegihaz.hu\/?page_id=10801#primaryimage\"},\"datePublished\":\"2012-05-08T11:43:06+00:00\",\"dateModified\":\"2023-07-20T19:57:52+00:00\",\"description\":\"kivitelez\\u00e9s, energiahat\\u00e9kony, csal\\u00e1di h\\u00e1z, min\\u0151s\\u00e9gi, \\u00e9p\\u00edt\\u00e9s, expert\",\"inLanguage\":\"hu\",\"potentialAction\":[{\"@type\":\"ReadAction\",\"target\":[\"https:\/\/minosegihaz.hu\/?page_id=10801\"]}]}]}<\/script>\n<!-- \/ Yoast SEO plugin. -->","_links":{"self":[{"href":"https:\/\/minosegihaz.hu\/index.php?rest_route=\/wp\/v2\/pages\/10801"}],"collection":[{"href":"https:\/\/minosegihaz.hu\/index.php?rest_route=\/wp\/v2\/pages"}],"about":[{"href":"https:\/\/minosegihaz.hu\/index.php?rest_route=\/wp\/v2\/types\/page"}],"author":[{"embeddable":true,"href":"https:\/\/minosegihaz.hu\/index.php?rest_route=\/wp\/v2\/users\/1"}],"replies":[{"embeddable":true,"href":"https:\/\/minosegihaz.hu\/index.php?rest_route=%2Fwp%2Fv2%2Fcomments&post=10801"}],"version-history":[{"count":103,"href":"https:\/\/minosegihaz.hu\/index.php?rest_route=\/wp\/v2\/pages\/10801\/revisions"}],"predecessor-version":[{"id":13776,"href":"https:\/\/minosegihaz.hu\/index.php?rest_route=\/wp\/v2\/pages\/10801\/revisions\/13776"}],"wp:attachment":[{"href":"https:\/\/minosegihaz.hu\/index.php?rest_route=%2Fwp%2Fv2%2Fmedia&parent=10801"}],"curies":[{"name":"wp","href":"https:\/\/api.w.org\/{rel}","templated":true}]}}