{"id":1041,"date":"2012-01-13T21:03:35","date_gmt":"2012-01-13T20:03:35","guid":{"rendered":"http:\/\/drupal.minosegihaz.hu\/?page_id=1041"},"modified":"2020-12-06T17:47:18","modified_gmt":"2020-12-06T15:47:18","slug":"kivitelezes","status":"publish","type":"page","link":"https:\/\/minosegihaz.hu\/?page_id=1041","title":{"rendered":"Kivitelez\u00e9s"},"content":{"rendered":"<hr>\n<p style=\"text-align: justify;\">C\u00e9g\u00fcnk 2007-ben alakult Magyarorsz\u00e1gon, hogy franciaorsz\u00e1gi tapasztalataival b\u0151v\u00edtse a hazai \u00e9p\u00edt\u00e9szetet. Az\u00f3ta t\u00f6bb magas min\u0151s\u00e9gi \u00e9s m\u0171szaki sz\u00ednvonal\u00fa h\u00e1zat \u00e9p\u00edtett\u00fcnk. Kivitelez\u00e9s\u00fcnk alapja a magas h\u0151szigetel\u00e9s\u0171 \u00e9s kiv\u00e1l\u00f3an szell\u0151z\u0151 Porotherm PH-44-es t\u00e9gla, amit szinte egyed\u00fcl\u00e1ll\u00f3an alkalmazunk. Nagy s\u00falyt fektet\u00fcnk a prec\u00edz g\u00e9p\u00e9szeti szerel\u00e9sekre \u00e9s az energiatakar\u00e9kos kivitelez\u00e9sre. V\u00e1llaljuk az \u00e9p\u00edt\u00e9ssel j\u00e1r\u00f3 teljesk\u00f6r\u0171 \u00fcgyint\u00e9z\u00e9st az enged\u00e9lyeztet\u00e9st\u0151l a lakhat\u00e1si enged\u00e9lyig. C\u00e9lunk az el\u00e9rhet\u0151 \u00e9s szerz\u0151d\u00e9sben meghat\u00e1rozott fix \u00e1rak biztos\u00edt\u00e1sa a min\u0151s\u00e9g \u00e9s sz\u00ednvonal megtart\u00e1sa mellett. Munk\u00e1nkra garanci\u00e1t v\u00e1llalunk. Komoly banki h\u00e1tter\u00fcnk lehet\u0151v\u00e9 teszi csal\u00e1di h\u00e1zaink meg\u00e9p\u00edt\u00e9s\u00e9nek el\u0151finansz\u00edroz\u00e1s\u00e1t. Az \u00e9p\u00edt\u0151ipari v\u00e1llalkoz\u00e1sok k\u00f6z\u00f6tt egyed\u00fcl\u00e1ll\u00f3an a kivitelez\u00e9st szakaszosan ut\u00f3lag kell a megrendel\u0151nek finansz\u00edrozni, mivel c\u00e9g\u00fcnk a kivitelez\u00e9s szakaszainak meg\u00e9p\u00edt\u00e9s\u00e9t saj\u00e1t t\u0151k\u00e9b\u0151l val\u00f3s\u00edtja meg. Az \u00e9p\u00edt\u00e9s folyamat\u00e1ban lakberendez\u0151nkkel konzult\u00e1lhat, aki a megrendel\u0151 elk\u00e9pzel\u00e9s\u00e9hez alak\u00edtja a bels\u0151 helyis\u00e9gek sz\u00edneit, j\u00e1r\u00f3lapjait, hangulat\u00e1t. C\u00e9g\u00fcnk a kezdetek \u00f3ta t\u00f6rekszik a lehet\u0151 legmegb\u00edzhat\u00f3bb \u00e9s legjobb alv\u00e1llalkoz\u00f3kat \u00f6sszegy\u0171jteni, akikkel imm\u00e1r 3 \u00e9ve teljes \u00f6sszhangban egy\u00fcttm\u0171k\u00f6d\u00fcnk!<\/p>\n<p><img class=\"aligncenter\" src=\"\/content\/kivi.png\" alt=\"\"><\/p>\n<hr>\n<table width=\"512\" border=\"1px solid #000\">\n<tbody>\n<tr>\n<td>\n<h6>K\u0151m\u0171ves:<\/h6>\n<\/td>\n<td>\n<h6><strong>T\u00f3th Attila<\/strong><br \/>\nk\u0151m\u0171ves mester<br \/>\n10 \u00e9ve c\u00e9g\u00fcnk alkamaz\u00e1s\u00e1ban<\/h6>\n<\/td>\n<td><img class=\"aligncenter\" src=\"\/content\/kivitelezok08.jpg\" alt=\"\"><\/td>\n<\/tr>\n<tr>\n<td>\n<h6>Hidegburkol\u00e1s:<\/h6>\n<\/td>\n<td>\n<h6><strong>Elek S\u00e1ndor<\/strong><\/h6>\n<p>8 \u00e9ve c\u00e9g\u00fcnk alkalmaz\u00e1s\u00e1ban<\/td>\n<td><img class=\"aligncenter\" src=\"\/content\/kivitelezok11.png\" alt=\"\"><\/td>\n<\/tr>\n<tr>\n<td>\n<h6>G\u00e9p\u00e9szet:<\/h6>\n<\/td>\n<td>\n<h6><strong>Tihon Zolt\u00e1n<\/strong><br \/>\negy\u00e9ni v\u00e1llalkoz\u00f3<br \/>\n4 \u00e9ve c\u00e9g\u00fcnk alkamaz\u00e1s\u00e1ban<\/h6>\n<\/td>\n<td><img class=\"aligncenter\" src=\"\/content\/kivitelezok12.png\" alt=\"\"><\/td>\n<\/tr>\n<tr>\n<td>\n<h6>Villanyszerel\u00e9s:<\/h6>\n<\/td>\n<td>\n<h6><strong>Ga\u00e1l Zolt\u00e1n<\/strong><br \/>\negy\u00e9ni v\u00e1llalkoz\u00f3<br \/>\n4 \u00e9ve c\u00e9g\u00fcnk alkalmaz\u00e1s\u00e1ban<\/h6>\n<\/td>\n<td><img class=\"aligncenter\" src=\"\/content\/kivitelezok13.png\" alt=\"\"><\/td>\n<\/tr>\n<tr>\n<td>\n<h6>Hidegburkol\u00e1s:<\/h6>\n<\/td>\n<td>\n<h6><strong>Kiss Zolt\u00e1n<\/strong><br \/>\n8 \u00e9ve c\u00e9g\u00fcnk alkalmaz\u00e1s\u00e1ban<\/h6>\n<\/td>\n<td><img class=\"aligncenter\" src=\"\/content\/kivitelezok14.png\" alt=\"\"><\/td>\n<\/tr>\n<tr>\n<td>\n<h6>Fest\u00e9s:<\/h6>\n<\/td>\n<td>\n<h6><strong>Sztrehovszki Viktor<\/strong><br \/>\n2 \u00e9ve c\u00e9g\u00fcnk alkalmaz\u00e1s\u00e1ban<\/h6>\n<\/td>\n<td><img class=\"aligncenter\" src=\"\/content\/kivitelezok15.png\" alt=\"\"><\/td>\n<\/tr>\n<tr>\n<td>\n<h6>\u00c1cs mester:<\/h6>\n<\/td>\n<td>\n<h6><strong>Kiss Bal\u00e1zs<\/strong><br \/>\n4 \u00e9ve c\u00e9g\u00fcnk alkalmaz\u00e1s\u00e1ban<\/h6>\n<\/td>\n<td><img class=\"aligncenter\" src=\"\/content\/kivitelezok16.png\" alt=\"\"><\/td>\n<\/tr>\n<\/tbody>\n<\/table>\n","protected":false},"excerpt":{"rendered":"<p>C\u00e9g\u00fcnk 2007-ben alakult Magyarorsz\u00e1gon, hogy franciaorsz\u00e1gi tapasztalataival b\u0151v\u00edtse a hazai \u00e9p\u00edt\u00e9szetet. Az\u00f3ta t\u00f6bb magas min\u0151s\u00e9gi \u00e9s m\u0171szaki sz\u00ednvonal\u00fa h\u00e1zat \u00e9p\u00edtett\u00fcnk. Kivitelez\u00e9s\u00fcnk alapja a magas h\u0151szigetel\u00e9s\u0171 \u00e9s kiv\u00e1l\u00f3an szell\u0151z\u0151 Porotherm PH-44-es t\u00e9gla, amit szinte egyed\u00fcl\u00e1ll\u00f3an alkalmazunk. Nagy s\u00falyt fektet\u00fcnk a prec\u00edz g\u00e9p\u00e9szeti szerel\u00e9sekre \u00e9s az energiatakar\u00e9kos kivitelez\u00e9sre. V\u00e1llaljuk az \u00e9p\u00edt\u00e9ssel j\u00e1r\u00f3 \u2026 <a class=\"continue-reading-link\" href=\"https:\/\/minosegihaz.hu\/?page_id=1041\"> Continue reading <span class=\"meta-nav\">&rarr; <\/span><\/a><\/p>\n","protected":false},"author":1,"featured_media":0,"parent":961,"menu_order":0,"comment_status":"open","ping_status":"open","template":"","meta":[],"yoast_head":"<!-- This site is optimized with the Yoast SEO plugin v15.3 - https:\/\/yoast.com\/wordpress\/plugins\/seo\/ -->\n<title>Kivitelez\u00e9s -<\/title>\n<meta name=\"description\" content=\"kivitelez\u00e9s, energiahat\u00e9kony, csal\u00e1di h\u00e1z, min\u0151s\u00e9gi, \u00e9p\u00edt\u00e9s, expert\" \/>\n<meta name=\"robots\" content=\"index, follow, max-snippet:-1, max-image-preview:large, max-video-preview:-1\" \/>\n<link rel=\"canonical\" href=\"https:\/\/minosegihaz.hu\/?page_id=1041\" \/>\n<meta property=\"og:locale\" content=\"hu_HU\" \/>\n<meta property=\"og:type\" content=\"article\" \/>\n<meta property=\"og:title\" content=\"Kivitelez\u00e9s -\" \/>\n<meta property=\"og:description\" content=\"kivitelez\u00e9s, energiahat\u00e9kony, csal\u00e1di h\u00e1z, min\u0151s\u00e9gi, \u00e9p\u00edt\u00e9s, expert\" \/>\n<meta property=\"og:url\" content=\"https:\/\/minosegihaz.hu\/?page_id=1041\" \/>\n<meta property=\"article:modified_time\" content=\"2020-12-06T15:47:18+00:00\" \/>\n<meta property=\"og:image\" content=\"https:\/\/minosegihaz.hu\/content\/kivi.png\" \/>\n<meta name=\"twitter:label1\" content=\"Szerz\u0151:\">\n\t<meta name=\"twitter:data1\" content=\"chriser\">\n\t<meta name=\"twitter:label2\" content=\"Becs\u00fclt olvas\u00e1si id\u0151\">\n\t<meta name=\"twitter:data2\" content=\"1 perc\">\n<script type=\"application\/ld+json\" class=\"yoast-schema-graph\">{\"@context\":\"https:\/\/schema.org\",\"@graph\":[{\"@type\":\"WebSite\",\"@id\":\"https:\/\/minosegihaz.hu\/#website\",\"url\":\"https:\/\/minosegihaz.hu\/\",\"name\":\"\",\"description\":\"Energiahat\\u00e9kony csal\\u00e1di h\\u00e1zak \\u00e9p\\u00edt\\u00e9se, kivitelez\\u00e9se\",\"potentialAction\":[{\"@type\":\"SearchAction\",\"target\":\"https:\/\/minosegihaz.hu\/?s={search_term_string}\",\"query-input\":\"required name=search_term_string\"}],\"inLanguage\":\"hu\"},{\"@type\":\"ImageObject\",\"@id\":\"https:\/\/minosegihaz.hu\/?page_id=1041#primaryimage\",\"inLanguage\":\"hu\",\"url\":\"\/content\/kivi.png\"},{\"@type\":\"WebPage\",\"@id\":\"https:\/\/minosegihaz.hu\/?page_id=1041#webpage\",\"url\":\"https:\/\/minosegihaz.hu\/?page_id=1041\",\"name\":\"Kivitelez\\u00e9s -\",\"isPartOf\":{\"@id\":\"https:\/\/minosegihaz.hu\/#website\"},\"primaryImageOfPage\":{\"@id\":\"https:\/\/minosegihaz.hu\/?page_id=1041#primaryimage\"},\"datePublished\":\"2012-01-13T20:03:35+00:00\",\"dateModified\":\"2020-12-06T15:47:18+00:00\",\"description\":\"kivitelez\\u00e9s, energiahat\\u00e9kony, csal\\u00e1di h\\u00e1z, min\\u0151s\\u00e9gi, \\u00e9p\\u00edt\\u00e9s, expert\",\"inLanguage\":\"hu\",\"potentialAction\":[{\"@type\":\"ReadAction\",\"target\":[\"https:\/\/minosegihaz.hu\/?page_id=1041\"]}]}]}<\/script>\n<!-- \/ Yoast SEO plugin. -->","_links":{"self":[{"href":"https:\/\/minosegihaz.hu\/index.php?rest_route=\/wp\/v2\/pages\/1041"}],"collection":[{"href":"https:\/\/minosegihaz.hu\/index.php?rest_route=\/wp\/v2\/pages"}],"about":[{"href":"https:\/\/minosegihaz.hu\/index.php?rest_route=\/wp\/v2\/types\/page"}],"author":[{"embeddable":true,"href":"https:\/\/minosegihaz.hu\/index.php?rest_route=\/wp\/v2\/users\/1"}],"replies":[{"embeddable":true,"href":"https:\/\/minosegihaz.hu\/index.php?rest_route=%2Fwp%2Fv2%2Fcomments&post=1041"}],"version-history":[{"count":14,"href":"https:\/\/minosegihaz.hu\/index.php?rest_route=\/wp\/v2\/pages\/1041\/revisions"}],"predecessor-version":[{"id":13539,"href":"https:\/\/minosegihaz.hu\/index.php?rest_route=\/wp\/v2\/pages\/1041\/revisions\/13539"}],"up":[{"embeddable":true,"href":"https:\/\/minosegihaz.hu\/index.php?rest_route=\/wp\/v2\/pages\/961"}],"wp:attachment":[{"href":"https:\/\/minosegihaz.hu\/index.php?rest_route=%2Fwp%2Fv2%2Fmedia&parent=1041"}],"curies":[{"name":"wp","href":"https:\/\/api.w.org\/{rel}","templated":true}]}}